{"id":104,"date":"2023-01-22T19:42:52","date_gmt":"2023-01-22T19:42:52","guid":{"rendered":"https:\/\/webredox.net\/demo\/wp\/candore\/?page_id=104"},"modified":"2025-06-30T10:40:43","modified_gmt":"2025-06-30T08:40:43","slug":"contact","status":"publish","type":"page","link":"https:\/\/abzali.lv\/en\/contact\/","title":{"rendered":"Contacts"},"content":{"rendered":"<div data-elementor-type=\"wp-page\" data-elementor-id=\"104\" class=\"elementor elementor-104\">\n\t\t\t\t\t\t<section class=\"elementor-section elementor-top-section elementor-element elementor-element-5ec790b0 elementor-section-full_width elementor-section-height-full elementor-section-height-default elementor-section-items-middle\" data-id=\"5ec790b0\" data-element_type=\"section\" data-e-type=\"section\">\n\t\t\t\t\t\t<div class=\"elementor-container elementor-column-gap-no\">\n\t\t\t\t\t<div class=\"elementor-column elementor-col-100 elementor-top-column elementor-element elementor-element-48f40201\" data-id=\"48f40201\" data-element_type=\"column\" data-e-type=\"column\">\n\t\t\t<div class=\"elementor-widget-wrap elementor-element-populated\">\n\t\t\t\t\t\t<div class=\"elementor-element elementor-element-3304402b elementor-widget elementor-widget-candore-banner-image\" data-id=\"3304402b\" data-element_type=\"widget\" data-e-type=\"widget\" data-widget_type=\"candore-banner-image.default\">\n\t\t\t\t<div class=\"elementor-widget-container\">\n\t\t\t\t\t\t\t\n\t\t\n\t\t<header class=\"header\">\n        \n            <!-- The opacity on the image is made with \"data-overlay-dark=\"number\". You can change it using the numbers 0-9. -->\n            \t\t\t<div class=\"video-fullscreen-wrap full-height valign bg-img-d bg-fixed\" data-overlay-dark=\"2\" data-background=\"https:\/\/abzali.lv\/wp-content\/uploads\/MSS08436.jpg\">\n\t\t\t\t\t\t                <div class=\"v-middle caption overlay\">\n                    <div class=\"container\">\n                        <div class=\"row\">\n                            <div class=\"col-md-12 text-center\">\n                                                                <h1 class=\"cd-intro-title-h1\">\n\t\t\t\t\t\t\t\t\t\t\t\t\t\t\t\t\t\tContacts\t\t\t\t\t\t\t\t\t\t\t\t\t\t\t\t\t\t\t\t\t\t\t\t\t\t<\/h4>\n\t\t\t\t\t\t\t\t\t\t\t\t\t\t\t\t                            <\/div>\n\t\t\t\t\t\t<\/div>\n                    <\/div>\n                <\/div>\n\t\t\t            <\/div>\n\t\t\n\t\t\n\t\t\t\t\t\t<!-- arrow down -->\n        <div class=\"arrow bounce text-center\">\n            <a href=\"#info\"  class=\"\"> <i class=\"ti-arrow-down\"><\/i> <\/a>\n        <\/div>\n\t\t\t\t\n    <\/header>\t\t\n\n        \t\t\t\t<\/div>\n\t\t\t\t<\/div>\n\t\t\t\t\t<\/div>\n\t\t<\/div>\n\t\t\t\t\t<\/div>\n\t\t<\/section>\n\t\t<div class=\"elementor-element elementor-element-88381c7 e-con-full e-flex e-con e-parent\" data-id=\"88381c7\" data-element_type=\"container\" data-e-type=\"container\" data-settings=\"{&quot;background_background&quot;:&quot;gradient&quot;}\">\n\t\t<div class=\"elementor-element elementor-element-d40a402 e-con-full e-flex e-con e-child\" data-id=\"d40a402\" data-element_type=\"container\" data-e-type=\"container\">\n\t\t\t\t<div class=\"elementor-element elementor-element-75392c4 elementor-widget__width-initial elementor-widget elementor-widget-candore-worktime\" data-id=\"75392c4\" data-element_type=\"widget\" data-e-type=\"widget\" data-widget_type=\"candore-worktime.default\">\n\t\t\t\t<div class=\"elementor-widget-container\">\n\t\t\t\t\t\t\t<div class=\"opening-hours-box mb-0\">\n            \t\t\t<div class=\"head-box\">\n                <h4 class=\"cd-intro-title-h4\">Working Hours<\/h4>\n            <\/div>\n\t\t\t            <div class=\"content-box\">\n                \t\t\t\t<div class=\"item\">\n                    <div class=\"info\">\n                        <div class=\"row\">\n                            \t\t\t\t\t\t\t<div class=\"col-md-12\">\n                                <div class=\"cont\">\n                                    <span class=\"day\">Monday-Thursday<\/span> \n\t\t\t\t\t\t\t\t\t<span class=\"time\"><\/span>\n                                    <br> \n\t\t\t\t\t\t\t\t\t<span class=\"time\">12:00-21:00<\/span>\n                                <\/div>\n                            <\/div>\n\t\t\t\t\t\t\t\t\t\t\t\t\t\t                        <\/div>\n                    <\/div>\n                <\/div>\n\t\t\t\t\t\t\t\t<div class=\"item\">\n                    <div class=\"info\">\n                        <div class=\"row\">\n                            \t\t\t\t\t\t\t<div class=\"col-md-12\">\n                                <div class=\"cont\">\n                                    <span class=\"day\">Friday-Saturday<\/span> \n\t\t\t\t\t\t\t\t\t<span class=\"time\"><\/span>\n                                    <br> \n\t\t\t\t\t\t\t\t\t<span class=\"time\">12:00-22:00<\/span>\n                                <\/div>\n                            <\/div>\n\t\t\t\t\t\t\t\t\t\t\t\t\t\t                        <\/div>\n                    <\/div>\n                <\/div>\n\t\t\t\t\t\t\t\t<div class=\"item\">\n                    <div class=\"info\">\n                        <div class=\"row\">\n                            \t\t\t\t\t\t\t<div class=\"col-md-12\">\n                                <div class=\"cont\">\n                                    <span class=\"day\">Sunday<\/span> \n\t\t\t\t\t\t\t\t\t<span class=\"time\"><\/span>\n                                    <br> \n\t\t\t\t\t\t\t\t\t<span class=\"time\">10:00-21:00<\/span>\n                                <\/div>\n                            <\/div>\n\t\t\t\t\t\t\t\t\t\t\t\t\t\t                        <\/div>\n                    <\/div>\n                <\/div>\n\t\t\t\t            <\/div> \n\t\t\t\t\t\t        <\/div>\n        \t\t\t\t<\/div>\n\t\t\t\t<\/div>\n\t\t\t\t<\/div>\n\t\t<div class=\"elementor-element elementor-element-7131345 e-con-full e-flex e-con e-child\" data-id=\"7131345\" data-element_type=\"container\" data-e-type=\"container\">\n\t\t\t\t<div class=\"elementor-element elementor-element-5bb7882 elementor-widget elementor-widget-image\" data-id=\"5bb7882\" data-element_type=\"widget\" data-e-type=\"widget\" data-widget_type=\"image.default\">\n\t\t\t\t<div class=\"elementor-widget-container\">\n\t\t\t\t\t\t\t\t\t\t\t\t\t\t\t<img fetchpriority=\"high\" decoding=\"async\" width=\"900\" height=\"600\" src=\"https:\/\/abzali.lv\/wp-content\/uploads\/MSS08798-1024x683.jpg\" class=\"attachment-large size-large wp-image-2170\" alt=\"Vani\u013cas muss ar zeme\u0146u m\u0113rci un bez\u0113 lausk\u0101m\" srcset=\"\" sizes=\"(max-width: 900px) 100vw, 900px\" data-srcset=\"\" \/>\t\t\t\t\t\t\t\t\t\t\t\t\t\t\t<\/div>\n\t\t\t\t<\/div>\n\t\t\t\t<\/div>\n\t\t\t\t<\/div>\n\t\t\t\t<section class=\"elementor-section elementor-top-section elementor-element elementor-element-a8c8ca7 elementor-section-full_width elementor-section-height-default elementor-section-height-default\" data-id=\"a8c8ca7\" data-element_type=\"section\" data-e-type=\"section\" id=\"info\" data-settings=\"{&quot;background_background&quot;:&quot;classic&quot;}\">\n\t\t\t\t\t\t\t<div class=\"elementor-background-overlay\"><\/div>\n\t\t\t\t\t\t\t<div class=\"elementor-container elementor-column-gap-default\">\n\t\t\t\t\t<div class=\"elementor-column elementor-col-33 elementor-top-column elementor-element elementor-element-fd6638e\" data-id=\"fd6638e\" data-element_type=\"column\" data-e-type=\"column\">\n\t\t\t<div class=\"elementor-widget-wrap elementor-element-populated\">\n\t\t\t\t\t\t<div class=\"elementor-element elementor-element-4ae9b8d0 elementor-widget elementor-widget-candore-contact\" data-id=\"4ae9b8d0\" data-element_type=\"widget\" data-e-type=\"widget\" data-widget_type=\"candore-contact.default\">\n\t\t\t\t<div class=\"elementor-widget-container\">\n\t\t\t\t\t        \t\t<div class=\"info-box\">\n\t\t\t<div class=\"item\">\n                \t\t\t\t\t\t\t\t\t\t\t<span class=\"ti-location-pin icon\"><\/span>\n\t\t\t\t\t\t\t\t\t\t\n\t\t\t\t\t\t\t\t<div class=\"cont\">\n                    \t\t\t\t\t<h5>Address<\/h5>\n\t\t\t\t\t                    \t\t\t\t\t\n\t\t\t\t\t\t<p><a href=\"https:\/\/www.google.com\/maps\" target=\"_blank\" class=\"cd-con-mail\">Austrumu Street 15, Kadaga, \u0100da\u017eu nov.<\/a><\/p>\n\t\t\t\t\t\t\t\t\t<\/div>\n            <\/div>\n\t\t<\/div>\n\t\t\t\t\n        \t\t\t\t<\/div>\n\t\t\t\t<\/div>\n\t\t\t\t<div class=\"elementor-element elementor-element-d583eb0 elementor-widget elementor-widget-candore-contact\" data-id=\"d583eb0\" data-element_type=\"widget\" data-e-type=\"widget\" data-widget_type=\"candore-contact.default\">\n\t\t\t\t<div class=\"elementor-widget-container\">\n\t\t\t\t\t        \t\t<div class=\"info-box\">\n\t\t\t<div class=\"item\">\n                \t\t\t\t\t\t\t\t\t\t\t<span class=\"ti-mobile icon\"><\/span>\n\t\t\t\t\t\t\t\t\t\t\n\t\t\t\t\t\t\t\t<div class=\"cont\">\n                    \t\t\t\t\t<h5>Restaurant, Table reservation<\/h5>\n\t\t\t\t\t                    \t\t\n\t\t\t\t\t\t<p><a href=\"tel:+37125665445\">25 665 445<\/a><\/p>\n\t\t\t\t\t\t\t\t\t<\/div>\n            <\/div>\n\t\t<\/div>\n\t\t\t\t\n        \t\t\t\t<\/div>\n\t\t\t\t<\/div>\n\t\t\t\t\t<\/div>\n\t\t<\/div>\n\t\t\t\t<div class=\"elementor-column elementor-col-33 elementor-top-column elementor-element elementor-element-426df4a0\" data-id=\"426df4a0\" data-element_type=\"column\" data-e-type=\"column\">\n\t\t\t<div class=\"elementor-widget-wrap elementor-element-populated\">\n\t\t\t\t\t\t<div class=\"elementor-element elementor-element-293c012b elementor-widget elementor-widget-candore-contact\" data-id=\"293c012b\" data-element_type=\"widget\" data-e-type=\"widget\" data-widget_type=\"candore-contact.default\">\n\t\t\t\t<div class=\"elementor-widget-container\">\n\t\t\t\t\t        \t\t<div class=\"info-box\">\n\t\t\t<div class=\"item\">\n                \t\t\t\t\t\t\t\t\t\t\t<span class=\"ti-mobile icon\"><\/span>\n\t\t\t\t\t\t\t\t\t\t\n\t\t\t\t\t\t\t\t<div class=\"cont\">\n                    \t\t\t\t\t<h5>Banquets, premises for rent<\/h5>\n\t\t\t\t\t                    \t\t\n\t\t\t\t\t\t<p><a href=\"tel:+37125464642\">25 46 46 42<\/a><\/p>\n\t\t\t\t\t\t\t\t\t<\/div>\n            <\/div>\n\t\t<\/div>\n\t\t\t\t\n        \t\t\t\t<\/div>\n\t\t\t\t<\/div>\n\t\t\t\t<div class=\"elementor-element elementor-element-5aec2599 elementor-widget elementor-widget-candore-contact\" data-id=\"5aec2599\" data-element_type=\"widget\" data-e-type=\"widget\" data-widget_type=\"candore-contact.default\">\n\t\t\t\t<div class=\"elementor-widget-container\">\n\t\t\t\t\t        \t\t<div class=\"info-box\">\n\t\t\t<div class=\"item\">\n                \t\t\t\t\t\t\t\t\t\t\t<span class=\"ti-email icon\"><\/span>\n\t\t\t\t\t\t\t\t\t\t\n\t\t\t\t\t\t\t\t<div class=\"cont\">\n                                        \t\t\t\t\t\t<p><a href=\"mailto:info@abzali.lv\">info@abzali.lv<\/a><\/p>\n\t\t\t\t\t\t\t\t\t<\/div>\n            <\/div>\n\t\t<\/div>\n\t\t\t\t\n        \t\t\t\t<\/div>\n\t\t\t\t<\/div>\n\t\t\t\t\t<\/div>\n\t\t<\/div>\n\t\t\t\t<div class=\"elementor-column elementor-col-33 elementor-top-column elementor-element elementor-element-4024f7b6\" data-id=\"4024f7b6\" data-element_type=\"column\" data-e-type=\"column\">\n\t\t\t<div class=\"elementor-widget-wrap elementor-element-populated\">\n\t\t\t\t\t\t<div class=\"elementor-element elementor-element-a47613f elementor-widget elementor-widget-candore-contact\" data-id=\"a47613f\" data-element_type=\"widget\" data-e-type=\"widget\" data-widget_type=\"candore-contact.default\">\n\t\t\t\t<div class=\"elementor-widget-container\">\n\t\t\t\t\t        \t\t<div class=\"info-box\">\n\t\t\t<div class=\"item\">\n                \t\t\t\t\t\t\t\t\t\t\t<span class=\"ti-mobile icon\"><\/span>\n\t\t\t\t\t\t\t\t\t\t\n\t\t\t\t\t\t\t\t<div class=\"cont\">\n                    \t\t\t\t\t<h5>Hotel<\/h5>\n\t\t\t\t\t                    \t\t\n\t\t\t\t\t\t<p><a href=\"tel:+37125655455\">25 655 455<\/a><\/p>\n\t\t\t\t\t\t\t\t\t<\/div>\n            <\/div>\n\t\t<\/div>\n\t\t\t\t\n        \t\t\t\t<\/div>\n\t\t\t\t<\/div>\n\t\t\t\t<div class=\"elementor-element elementor-element-e443048 elementor-widget elementor-widget-candore-contact\" data-id=\"e443048\" data-element_type=\"widget\" data-e-type=\"widget\" data-widget_type=\"candore-contact.default\">\n\t\t\t\t<div class=\"elementor-widget-container\">\n\t\t\t\t\t        \t\t<div class=\"info-box\">\n\t\t\t<div class=\"item\">\n                \t\t\t\t\t\t\t\t\t\t\t<span class=\"ti-email icon\"><\/span>\n\t\t\t\t\t\t\t\t\t\t\n\t\t\t\t\t\t\t\t<div class=\"cont\">\n                                        \t\t\t\t\t\t<p><a href=\"mailto:hotel@abzali.lv\">hotel@abzali.lv<\/a><\/p>\n\t\t\t\t\t\t\t\t\t<\/div>\n            <\/div>\n\t\t<\/div>\n\t\t\t\t\n        \t\t\t\t<\/div>\n\t\t\t\t<\/div>\n\t\t\t\t\t<\/div>\n\t\t<\/div>\n\t\t\t\t\t<\/div>\n\t\t<\/section>\n\t\t\t\t<section class=\"elementor-section elementor-top-section elementor-element elementor-element-a713d05 elementor-section-full_width elementor-section-height-default elementor-section-height-default\" data-id=\"a713d05\" data-element_type=\"section\" data-e-type=\"section\">\n\t\t\t\t\t\t<div class=\"elementor-container elementor-column-gap-no\">\n\t\t\t\t\t<div class=\"elementor-column elementor-col-100 elementor-top-column elementor-element elementor-element-9075ade\" data-id=\"9075ade\" data-element_type=\"column\" data-e-type=\"column\">\n\t\t\t<div class=\"elementor-widget-wrap elementor-element-populated\">\n\t\t\t\t\t\t<div class=\"elementor-element elementor-element-8c37d09 elementor-widget elementor-widget-google_maps\" data-id=\"8c37d09\" data-element_type=\"widget\" data-e-type=\"widget\" data-widget_type=\"google_maps.default\">\n\t\t\t\t<div class=\"elementor-widget-container\">\n\t\t\t\t\t\t\t<div class=\"elementor-custom-embed\">\n\t\t\t<iframe loading=\"lazy\"\n\t\t\t\t\tsrc=\"https:\/\/maps.google.com\/maps?q=Abza%C4%BCi%2C%20Kadaga&#038;t=m&#038;z=15&#038;output=embed&#038;iwloc=near\"\n\t\t\t\t\ttitle=\"Abza\u013ci, Kadaga\"\n\t\t\t\t\taria-label=\"Abza\u013ci, Kadaga\"\n\t\t\t><\/iframe>\n\t\t<\/div>\n\t\t\t\t\t\t<\/div>\n\t\t\t\t<\/div>\n\t\t\t\t\t<\/div>\n\t\t<\/div>\n\t\t\t\t\t<\/div>\n\t\t<\/section>\n\t\t<div class=\"elementor-element elementor-element-4269d1b e-con-full e-flex e-con e-parent\" data-id=\"4269d1b\" data-element_type=\"container\" data-e-type=\"container\" data-settings=\"{&quot;background_background&quot;:&quot;classic&quot;}\">\n\t\t\t\t<div class=\"elementor-element elementor-element-a62edfe elementor-widget elementor-widget-candore-banner-simple\" data-id=\"a62edfe\" data-element_type=\"widget\" data-e-type=\"widget\" data-widget_type=\"candore-banner-simple.default\">\n\t\t\t\t<div class=\"elementor-widget-container\">\n\t\t\t\t\t\t\t\n\t\t\n\t\t<div class=\"banner-header valign bg-img bg-img-d-s bg-fixed\" data-overlay-dark=\"3\" data-background=\"https:\/\/abzali.lv\/wp-content\/uploads\/4AA11935-2604-40FD-B576-FB99BFBF8658-scaled.jpeg\">\n\t\t\t<div class=\"container\">\n\t\t\t\t<div class=\"row\">\n\t\t\t\t\t<div class=\"col-md-12 text-center caption mt-60\">\n\t\t\t\t\t\t\t\t\t\t\t\t<h1 class=\"cd-intro-title-h1\">\n\t\t\t\t\t\t\t\t\t\t\t\t\tFrequently Asked Questions\t\t\t\t\t\t\t\t\t\t\t\t\t\t\t\t\t\t\t<span>FAQ<\/span>\n\t\t\t\t\t\t\t\t\t\t\t\t<\/h1>\n\t\t\t\t\t\t\t\t\t\t\t<\/div>\n\t\t\t\t<\/div>\n\t\t\t<\/div>\n        <\/div>\t\t\n\n        \t\t\t\t<\/div>\n\t\t\t\t<\/div>\n\t\t\t\t<\/div>\n\t\t<div class=\"elementor-element elementor-element-ab2bfad e-flex e-con-boxed e-con e-parent\" data-id=\"ab2bfad\" data-element_type=\"container\" data-e-type=\"container\" data-settings=\"{&quot;background_background&quot;:&quot;classic&quot;}\">\n\t\t\t\t\t<div class=\"e-con-inner\">\n\t\t\t\t<div class=\"elementor-element elementor-element-6d07fe0 elementor-widget elementor-widget-candore-accordion\" data-id=\"6d07fe0\" data-element_type=\"widget\" data-e-type=\"widget\" data-widget_type=\"candore-accordion.default\">\n\t\t\t\t<div class=\"elementor-widget-container\">\n\t\t\t\t\t\n\t\t<div class=\"sec-accordion\">\n\t\t\t<ul class=\"accordion-box clearfix\">\n\t\t\t\t\t\t\t\t\t\n\t\t\t\t\t<li class=\"accordion block\">\n\t\t\t\t\t\t\t\t\t\t\t\t\t<div class=\"acc-btn size-20\">\n\t\t\t\t\t\t\t\tHow do I book a table at the restaurant?\t\t\t\t\t\t\t<\/div> \n\t\t\t\t\t\t\t\n\t\t\t\t\t\t\t\t\t\t\t\t\t<div class=\"acc-content\">\n\t\t\t\t\t\t\t\t<div class=\"content\">\n\t\t\t\t\t\t\t\t\t<div class=\"text\"><p>For table reservations, please call the restaurant during opening hours (Mon-Sat 12:00-21:00, Fri-Sat 12:00-22:00, Sun 10:00-21:00) - 25 665 445.<\/p><\/div>\n\t\t\t\t\t\t\t\t<\/div>\n\t\t\t\t\t\t\t<\/div>\t\t\t\t\t\t\t\n\t\t\t\t\t\t\t\t\t\t\t\t\t\t\t\t\t\n\t\t\t\t\t<\/li>\t\t\t\t\t\t\t\t\t\t\n\t\t\t\t\t\n\t\t\t\t\t\t\t\t\t\n\t\t\t\t\t<li class=\"accordion block\">\n\t\t\t\t\t\t\t\t\t\t\t\t\t<div class=\"acc-btn size-20\">\n\t\t\t\t\t\t\t\tHow often does the menu change?\t\t\t\t\t\t\t<\/div> \n\t\t\t\t\t\t\t\n\t\t\t\t\t\t\t\t\t\t\t\t\t<div class=\"acc-content\">\n\t\t\t\t\t\t\t\t<div class=\"content\">\n\t\t\t\t\t\t\t\t\t<div class=\"text\"><p>Our chef develops a new menu twice a year - in spring and autumn. Slight changes can also be made throughout the year as seasonal produce becomes available. You can find the current menu on our social networks and website, as well as in the restaurant.<\/p><\/div>\n\t\t\t\t\t\t\t\t<\/div>\n\t\t\t\t\t\t\t<\/div>\t\t\t\t\t\t\t\n\t\t\t\t\t\t\t\t\t\t\t\t\t\t\t\t\t\n\t\t\t\t\t<\/li>\t\t\t\t\t\t\t\t\t\t\n\t\t\t\t\t\n\t\t\t\t\t\t\t\t\t\n\t\t\t\t\t<li class=\"accordion block\">\n\t\t\t\t\t\t\t\t\t\t\t\t\t<div class=\"acc-btn size-20\">\n\t\t\t\t\t\t\t\tWhat is the difference between table reservation and banquet?\t\t\t\t\t\t\t<\/div> \n\t\t\t\t\t\t\t\n\t\t\t\t\t\t\t\t\t\t\t\t\t<div class=\"acc-content\">\n\t\t\t\t\t\t\t\t<div class=\"content\">\n\t\t\t\t\t\t\t\t\t<div class=\"text\"><p>When you book a table, we provide you with a table in our restaurant during opening hours. By contrast, when you book a banquet, it is held in a separate room in a more intimate and relaxed atmosphere, and you have your own waiter. Table reservations are free, but if you rent a separate room for the banquet, room rental charges may apply.<\/p><\/div>\n\t\t\t\t\t\t\t\t<\/div>\n\t\t\t\t\t\t\t<\/div>\t\t\t\t\t\t\t\n\t\t\t\t\t\t\t\t\t\t\t\t\t\t\t\t\t\n\t\t\t\t\t<\/li>\t\t\t\t\t\t\t\t\t\t\n\t\t\t\t\t\n\t\t\t\t\t\t\t\t\t\n\t\t\t\t\t<li class=\"accordion block\">\n\t\t\t\t\t\t\t\t\t\t\t\t\t<div class=\"acc-btn size-20\">\n\t\t\t\t\t\t\t\tWill there be other people in the complex during my banquet?\t\t\t\t\t\t\t<\/div> \n\t\t\t\t\t\t\t\n\t\t\t\t\t\t\t\t\t\t\t\t\t<div class=\"acc-content\">\n\t\t\t\t\t\t\t\t<div class=\"content\">\n\t\t\t\t\t\t\t\t\t<div class=\"text\"><p>Yes, the restaurant continues to operate, as does the hotel, while the banquet room is rented. The exception is if you rent the whole complex, in which case the whole complex is only available to you and your guests.<\/p><\/div>\n\t\t\t\t\t\t\t\t<\/div>\n\t\t\t\t\t\t\t<\/div>\t\t\t\t\t\t\t\n\t\t\t\t\t\t\t\t\t\t\t\t\t\t\t\t\t\n\t\t\t\t\t<\/li>\t\t\t\t\t\t\t\t\t\t\n\t\t\t\t\t\n\t\t\t\t\t\t\t\t\t\n\t\t\t\t\t<li class=\"accordion block\">\n\t\t\t\t\t\t\t\t\t\t\t\t\t<div class=\"acc-btn size-20\">\n\t\t\t\t\t\t\t\tHow do I book a hotel room?\t\t\t\t\t\t\t<\/div> \n\t\t\t\t\t\t\t\n\t\t\t\t\t\t\t\t\t\t\t\t\t<div class=\"acc-content\">\n\t\t\t\t\t\t\t\t<div class=\"content\">\n\t\t\t\t\t\t\t\t\t<div class=\"text\"><p>You can book a hotel room by calling the hotel reception - 25 655 455 or by sending an e-mail to hotel@abzali.lv. Reservations are also available via Booking.com.<\/p><\/div>\n\t\t\t\t\t\t\t\t<\/div>\n\t\t\t\t\t\t\t<\/div>\t\t\t\t\t\t\t\n\t\t\t\t\t\t\t\t\t\t\t\t\t\t\t\t\t\n\t\t\t\t\t<\/li>\t\t\t\t\t\t\t\t\t\t\n\t\t\t\t\t\n\t\t\t\t\t\t\t\t\t\n\t\t\t\t\t<li class=\"accordion block\">\n\t\t\t\t\t\t\t\t\t\t\t\t\t<div class=\"acc-btn size-20\">\n\t\t\t\t\t\t\t\tWhat is \"self check-in\" at a hotel?\t\t\t\t\t\t\t<\/div> \n\t\t\t\t\t\t\t\n\t\t\t\t\t\t\t\t\t\t\t\t\t<div class=\"acc-content\">\n\t\t\t\t\t\t\t\t<div class=\"content\">\n\t\t\t\t\t\t\t\t\t<div class=\"text\"><p>Self check-in means that you will not be met at the reception desk by a hotel receptionist. You can therefore check in at any time from 16:00 until late at night.<\/p><p>After booking your room, you will receive an SMS with the number of the key safe and a code to unlock it. When you arrive, enter the code to unlock your safe and receive your keys. The safe number is also your room number.<\/p><p>The hotel rooms are located on the second floor of the complex, and a delicious, hearty breakfast awaits you on the third floor daily from 06:00-11:30.<\/p><p>Remember! You'll find a chip near your room keys. This is needed to unlock the complex's exterior doors after 21:00, when they automatically close.<\/p><p>When you check out, leave your key in the designated place by the door.<\/p><\/div>\n\t\t\t\t\t\t\t\t<\/div>\n\t\t\t\t\t\t\t<\/div>\t\t\t\t\t\t\t\n\t\t\t\t\t\t\t\t\t\t\t\t\t\t\t\t\t\n\t\t\t\t\t<\/li>\t\t\t\t\t\t\t\t\t\t\n\t\t\t\t\t\n\t\t\t\t\t\t\t\t\t\n\t\t\t\t\t<li class=\"accordion block\">\n\t\t\t\t\t\t\t\t\t\t\t\t\t<div class=\"acc-btn size-20\">\n\t\t\t\t\t\t\t\tHow do I book a banquet room?\t\t\t\t\t\t\t<\/div> \n\t\t\t\t\t\t\t\n\t\t\t\t\t\t\t\t\t\t\t\t\t<div class=\"acc-content\">\n\t\t\t\t\t\t\t\t<div class=\"content\">\n\t\t\t\t\t\t\t\t\t<div class=\"text\"><p>The banquet room can be booked by calling the banquet administrator - 25 46 46 42 or by sending an e-mail to info@abzali.lv.<\/p><p>When you book a banquet, you will choose from one of our catering offers. After the estimate has been drawn up, the booking will be confirmed with an advance payment of 50% of the estimate. The remaining 50% is paid immediately after the banquet, taking into account variable costs (e.g. alcohol, coffee, orders from the restaurant menu, etc.).<\/p><\/div>\n\t\t\t\t\t\t\t\t<\/div>\n\t\t\t\t\t\t\t<\/div>\t\t\t\t\t\t\t\n\t\t\t\t\t\t\t\t\t\t\t\t\t\t\t\t\t\n\t\t\t\t\t<\/li>\t\t\t\t\t\t\t\t\t\t\n\t\t\t\t\t\n\t\t\t\t\t\n\t    \t<\/ul>\t\t\n\t\t<\/div>\t\t\n\n        \t\t\t\t<\/div>\n\t\t\t\t<\/div>\n\t\t\t\t\t<\/div>\n\t\t\t\t<\/div>\n\t\t\t\t<\/div>","protected":false},"excerpt":{"rendered":"<p>Kontakti Darba laiks Pirmdiena &#8211; Ceturtdiena 12:00-21:00 Piektdiena &#8211; Sestdiena 12:00-22:00 Sv\u0113tdiena 10:00-21:00 Adrese Austrumu iela 15, Kadaga, \u0100da\u017eu novads Restor\u0101ns, Galdi\u0146u rezerv\u0101cija 25 665 445 Banketi, telpu \u012bre 25&#8230;<\/p>","protected":false},"author":1,"featured_media":0,"parent":0,"menu_order":0,"comment_status":"closed","ping_status":"closed","template":"","meta":{"_monsterinsights_skip_tracking":false,"_monsterinsights_sitenote_active":false,"_monsterinsights_sitenote_note":"","_monsterinsights_sitenote_category":0,"footnotes":""},"class_list":["post-104","page","type-page","status-publish","hentry"],"aioseo_notices":[],"jetpack_sharing_enabled":true,"_links":{"self":[{"href":"https:\/\/abzali.lv\/en\/wp-json\/wp\/v2\/pages\/104","targetHints":{"allow":["GET"]}}],"collection":[{"href":"https:\/\/abzali.lv\/en\/wp-json\/wp\/v2\/pages"}],"about":[{"href":"https:\/\/abzali.lv\/en\/wp-json\/wp\/v2\/types\/page"}],"author":[{"embeddable":true,"href":"https:\/\/abzali.lv\/en\/wp-json\/wp\/v2\/users\/1"}],"replies":[{"embeddable":true,"href":"https:\/\/abzali.lv\/en\/wp-json\/wp\/v2\/comments?post=104"}],"version-history":[{"count":34,"href":"https:\/\/abzali.lv\/en\/wp-json\/wp\/v2\/pages\/104\/revisions"}],"predecessor-version":[{"id":2708,"href":"https:\/\/abzali.lv\/en\/wp-json\/wp\/v2\/pages\/104\/revisions\/2708"}],"wp:attachment":[{"href":"https:\/\/abzali.lv\/en\/wp-json\/wp\/v2\/media?parent=104"}],"curies":[{"name":"wp","href":"https:\/\/api.w.org\/{rel}","templated":true}]}}