{"id":1440,"date":"2023-01-31T17:05:21","date_gmt":"2023-01-31T17:05:21","guid":{"rendered":"https:\/\/webredox.net\/demo\/wp\/candore\/?page_id=458"},"modified":"2025-10-08T12:15:00","modified_gmt":"2025-10-08T10:15:00","slug":"hotel","status":"publish","type":"page","link":"https:\/\/abzali.lv\/en\/hotel\/","title":{"rendered":"Hotel"},"content":{"rendered":"<div data-elementor-type=\"wp-page\" data-elementor-id=\"1440\" class=\"elementor elementor-1440\">\n\t\t\t\t\t\t<section class=\"elementor-section elementor-top-section elementor-element elementor-element-4668e5c1 elementor-section-full_width elementor-section-height-default elementor-section-height-default\" data-id=\"4668e5c1\" data-element_type=\"section\" data-e-type=\"section\">\n\t\t\t\t\t\t<div class=\"elementor-container elementor-column-gap-no\">\n\t\t\t\t\t<div class=\"elementor-column elementor-col-100 elementor-top-column elementor-element elementor-element-25f7a31f\" data-id=\"25f7a31f\" data-element_type=\"column\" data-e-type=\"column\">\n\t\t\t<div class=\"elementor-widget-wrap elementor-element-populated\">\n\t\t\t\t\t\t<div class=\"elementor-element elementor-element-35b24349 elementor-widget elementor-widget-candore-banner-simple\" data-id=\"35b24349\" data-element_type=\"widget\" data-e-type=\"widget\" data-widget_type=\"candore-banner-simple.default\">\n\t\t\t\t<div class=\"elementor-widget-container\">\n\t\t\t\t\t\t\t\n\t\t\n\t\t<div class=\"banner-header valign bg-img bg-img-d-s bg-fixed\" data-overlay-dark=\"3\" data-background=\"https:\/\/abzali.lv\/wp-content\/uploads\/IMG_0270.jpg\">\n\t\t\t<div class=\"container\">\n\t\t\t\t<div class=\"row\">\n\t\t\t\t\t<div class=\"col-md-12 text-center caption mt-60\">\n\t\t\t\t\t\t\t\t\t\t\t\t\t<h5 class=\"cd-intro-title-h5\">Abzali<\/h5>\n\t\t\t\t\t\t\t\t\t\t\t\t<h1 class=\"cd-intro-title-h1\">\n\t\t\t\t\t\t\t\t\t\t\t\t\tHotel\t\t\t\t\t\t\t\t\t\t\t\t\t\t\t\t\t\t<\/h1>\n\t\t\t\t\t\t\t\t\t\t\t<\/div>\n\t\t\t\t<\/div>\n\t\t\t<\/div>\n        <\/div>\t\t\n\n        \t\t\t\t<\/div>\n\t\t\t\t<\/div>\n\t\t\t\t\t<\/div>\n\t\t<\/div>\n\t\t\t\t\t<\/div>\n\t\t<\/section>\n\t\t<div class=\"elementor-element elementor-element-8202ca1 e-flex e-con-boxed e-con e-parent\" data-id=\"8202ca1\" data-element_type=\"container\" data-e-type=\"container\" data-settings=\"{&quot;background_background&quot;:&quot;gradient&quot;}\">\n\t\t\t\t\t<div class=\"e-con-inner\">\n\t\t\t\t<div class=\"elementor-element elementor-element-2804900 elementor-widget-mobile__width-inherit elementor-widget elementor-widget-candore-image-gallery\" data-id=\"2804900\" data-element_type=\"widget\" data-e-type=\"widget\" data-widget_type=\"candore-image-gallery.default\">\n\t\t\t\t<div class=\"elementor-widget-container\">\n\t\t\t\t\t\t\t\n\t\t\t\t\t\t<div class=\"container-after-gallery tt-grid ttgr-layout-3-2 ttgr-portrait-half-off\">\n\t\t<div class=\"row isotope-items-wrap  no-hide-last loadmore-wrapper-gallery sec-gallery\" data-load-item=\"10000000\" data-button-text=\"Load More\">\t\n\t\t\t\t\t\t\t\t\t   \t\t\t\t\n\t\t\t\t\t<div class=\"gallery-item isotope-item tt-grid-item\">\n\t\t\t\t\t\t\n\t\t\t\t\t\t<a href=\"https:\/\/abzali.lv\/wp-content\/uploads\/13.nr_.jpg\" title=\"\" class=\"img-zoom pgi-image ttgr-height\">\n\t\t\t\t\t\t\t<div class=\"gallery-box\">\n\t\t\t\t\t\t\t\t<div class=\"gallery-img\"> <img decoding=\"async\" src=\"https:\/\/abzali.lv\/wp-content\/uploads\/13.nr_.jpg\" class=\"img-fluid mx-auto d-block\" alt=\"\"> <\/div>\n\t\t\t\t\t\t\t<\/div>\t\t\t\t\t\t\t\t\t\n\t\t\t\t\t\t<\/a>\n\t\t\t\t\t\t\n\t\t\t\t\t<\/div>\n\t\t\t    \t\n\t\t\t\t\t\t\t\t\t   \t\t\t\t\n\t\t\t\t\t<div class=\"gallery-item isotope-item tt-grid-item\">\n\t\t\t\t\t\t\n\t\t\t\t\t\t<a href=\"https:\/\/abzali.lv\/wp-content\/uploads\/8.nr-2.jpg\" title=\"\" class=\"img-zoom pgi-image ttgr-height\">\n\t\t\t\t\t\t\t<div class=\"gallery-box\">\n\t\t\t\t\t\t\t\t<div class=\"gallery-img\"> <img decoding=\"async\" src=\"https:\/\/abzali.lv\/wp-content\/uploads\/8.nr-2.jpg\" class=\"img-fluid mx-auto d-block\" alt=\"\"> <\/div>\n\t\t\t\t\t\t\t<\/div>\t\t\t\t\t\t\t\t\t\n\t\t\t\t\t\t<\/a>\n\t\t\t\t\t\t\n\t\t\t\t\t<\/div>\n\t\t\t    \t\n\t\t\t\t\t\t\t\t\t   \t\t\t\t\n\t\t\t\t\t<div class=\"gallery-item isotope-item tt-grid-item\">\n\t\t\t\t\t\t\n\t\t\t\t\t\t<a href=\"https:\/\/abzali.lv\/wp-content\/uploads\/IMG_0824.jpg\" title=\"\" class=\"img-zoom pgi-image ttgr-height\">\n\t\t\t\t\t\t\t<div class=\"gallery-box\">\n\t\t\t\t\t\t\t\t<div class=\"gallery-img\"> <img decoding=\"async\" src=\"https:\/\/abzali.lv\/wp-content\/uploads\/IMG_0824.jpg\" class=\"img-fluid mx-auto d-block\" alt=\"\"> <\/div>\n\t\t\t\t\t\t\t<\/div>\t\t\t\t\t\t\t\t\t\n\t\t\t\t\t\t<\/a>\n\t\t\t\t\t\t\n\t\t\t\t\t<\/div>\n\t\t\t    \t\n\t\t\t\t\t\t\t\t\t   \t\t\t\t\n\t\t\t\t\t<div class=\"gallery-item isotope-item tt-grid-item\">\n\t\t\t\t\t\t\n\t\t\t\t\t\t<a href=\"https:\/\/abzali.lv\/wp-content\/uploads\/9.nr_-1.jpg\" title=\"\" class=\"img-zoom pgi-image ttgr-height\">\n\t\t\t\t\t\t\t<div class=\"gallery-box\">\n\t\t\t\t\t\t\t\t<div class=\"gallery-img\"> <img decoding=\"async\" src=\"https:\/\/abzali.lv\/wp-content\/uploads\/9.nr_-1.jpg\" class=\"img-fluid mx-auto d-block\" alt=\"\"> <\/div>\n\t\t\t\t\t\t\t<\/div>\t\t\t\t\t\t\t\t\t\n\t\t\t\t\t\t<\/a>\n\t\t\t\t\t\t\n\t\t\t\t\t<\/div>\n\t\t\t    \t\n\t\t\t\t\t\t\t\t\t   \t\t\t\t\n\t\t\t\t\t<div class=\"gallery-item isotope-item tt-grid-item\">\n\t\t\t\t\t\t\n\t\t\t\t\t\t<a href=\"https:\/\/abzali.lv\/wp-content\/uploads\/1.nr_.jpg\" title=\"\" class=\"img-zoom pgi-image ttgr-height\">\n\t\t\t\t\t\t\t<div class=\"gallery-box\">\n\t\t\t\t\t\t\t\t<div class=\"gallery-img\"> <img decoding=\"async\" src=\"https:\/\/abzali.lv\/wp-content\/uploads\/1.nr_.jpg\" class=\"img-fluid mx-auto d-block\" alt=\"\"> <\/div>\n\t\t\t\t\t\t\t<\/div>\t\t\t\t\t\t\t\t\t\n\t\t\t\t\t\t<\/a>\n\t\t\t\t\t\t\n\t\t\t\t\t<\/div>\n\t\t\t    \t\n\t\t\t\t\n\t\t<\/div>\t\t\n\t\t<\/div>\t\n\t\t\n        \t\t\t\t<\/div>\n\t\t\t\t<\/div>\n\t\t\t\t\t<\/div>\n\t\t\t\t<\/div>\n\t\t\t\t<section class=\"elementor-section elementor-top-section elementor-element elementor-element-48597288 elementor-section-boxed elementor-section-height-default elementor-section-height-default\" data-id=\"48597288\" data-element_type=\"section\" data-e-type=\"section\" data-settings=\"{&quot;background_background&quot;:&quot;gradient&quot;}\">\n\t\t\t\t\t\t<div class=\"elementor-container elementor-column-gap-default\">\n\t\t\t\t\t<div class=\"elementor-column elementor-col-100 elementor-top-column elementor-element elementor-element-3efd777a\" data-id=\"3efd777a\" data-element_type=\"column\" data-e-type=\"column\">\n\t\t\t<div class=\"elementor-widget-wrap elementor-element-populated\">\n\t\t\t\t\t\t<section class=\"elementor-section elementor-inner-section elementor-element elementor-element-8286ee7 elementor-section-boxed elementor-section-height-default elementor-section-height-default\" data-id=\"8286ee7\" data-element_type=\"section\" data-e-type=\"section\">\n\t\t\t\t\t\t<div class=\"elementor-container elementor-column-gap-default\">\n\t\t\t\t\t<div class=\"elementor-column elementor-col-50 elementor-inner-column elementor-element elementor-element-20ee2ddd\" data-id=\"20ee2ddd\" data-element_type=\"column\" data-e-type=\"column\">\n\t\t\t<div class=\"elementor-widget-wrap elementor-element-populated\">\n\t\t\t\t\t\t<div class=\"elementor-element elementor-element-176fc45b elementor-widget elementor-widget-image\" data-id=\"176fc45b\" data-element_type=\"widget\" data-e-type=\"widget\" data-widget_type=\"image.default\">\n\t\t\t\t<div class=\"elementor-widget-container\">\n\t\t\t\t\t\t\t\t\t\t\t\t\t\t\t<img fetchpriority=\"high\" decoding=\"async\" width=\"750\" height=\"1000\" src=\"https:\/\/abzali.lv\/wp-content\/uploads\/20230211_155143.jpg\" class=\"attachment-full size-full wp-image-2068\" alt=\"Lab\u0101k\u0101 viesn\u012bca \u0100da\u017eos\" srcset=\"https:\/\/abzali.lv\/wp-content\/uploads\/20230211_155143.jpg 750w, https:\/\/abzali.lv\/wp-content\/uploads\/20230211_155143-225x300.jpg 225w, https:\/\/abzali.lv\/wp-content\/uploads\/20230211_155143-9x12.jpg 9w, https:\/\/abzali.lv\/wp-content\/uploads\/20230211_155143-600x800.jpg 600w\" sizes=\"(max-width: 750px) 100vw, 750px\" \/>\t\t\t\t\t\t\t\t\t\t\t\t\t\t\t<\/div>\n\t\t\t\t<\/div>\n\t\t\t\t\t<\/div>\n\t\t<\/div>\n\t\t\t\t<div class=\"elementor-column elementor-col-50 elementor-inner-column elementor-element elementor-element-393bda3c\" data-id=\"393bda3c\" data-element_type=\"column\" data-e-type=\"column\">\n\t\t\t<div class=\"elementor-widget-wrap elementor-element-populated\">\n\t\t\t\t\t\t<div class=\"elementor-element elementor-element-52b78d46 elementor-widget elementor-widget-candore-sec-title\" data-id=\"52b78d46\" data-element_type=\"widget\" data-e-type=\"widget\" data-widget_type=\"candore-sec-title.default\">\n\t\t\t\t<div class=\"elementor-widget-container\">\n\t\t\t\t\t\t\t<div class=\"section-head mb-0 text-left\">\n\t\t\t\t\t\t<h6 class=\"section-subtitle\">Self check-in<\/h6>\n\t\t\t\t\t\t            <h5 class=\"section-title\">Hotel<\/h5>\n\t\t\t\t\t\t\t\t\t\t\t<\/div>\n\t\t\t\t\t\t<\/div>\n\t\t\t\t<\/div>\n\t\t\t\t<div class=\"elementor-element elementor-element-40a95767 elementor-widget elementor-widget-candore-text-block\" data-id=\"40a95767\" data-element_type=\"widget\" data-e-type=\"widget\" data-widget_type=\"candore-text-block.default\">\n\t\t\t\t<div class=\"elementor-widget-container\">\n\t\t\t\t\t\t\t<div class=\"text-left  candore-text-block\">\r\n\t\t<div><p>We offer accommodation in 13 comfortable, uniquely designed bungalows for up to 30 people.<\/p><p>Availabe:<br \/>\u00bb 10 standard double rooms<br \/>\u00bb 1 single room<br \/>\u00bb 1 triple room<br \/>\u00bb 1 large double room with bath<\/p><p>The price includes breakfast.<\/p><p>\u00bb Check-in: from 16.00<\/p><p>\u00bb Check-out: until 12.00<\/p><\/div><p><a href=\"https:\/\/www.booking.com\/hotel\/lv\/abzali.lv.html\">Booking.com<\/a><\/p>\t\t<\/div>\r\n        \t\t\t\t<\/div>\n\t\t\t\t<\/div>\n\t\t\t\t<div class=\"elementor-element elementor-element-be05b60 elementor-widget elementor-widget-candore-button\" data-id=\"be05b60\" data-element_type=\"widget\" data-e-type=\"widget\" data-widget_type=\"candore-button.default\">\n\t\t\t\t<div class=\"elementor-widget-container\">\n\t\t\t\t\t\t\t<div class=\"clear text-center\">\n\t\t<a href=\"http:\/\/abzali.lv\/en\/contact\/\" target=\"_self\" class=\"button-1\">Book a room<span><\/span><\/a>\n\t\t<\/div>\n\t\t\t\t\t\t<\/div>\n\t\t\t\t<\/div>\n\t\t\t\t\t<\/div>\n\t\t<\/div>\n\t\t\t\t\t<\/div>\n\t\t<\/section>\n\t\t\t\t<section class=\"elementor-section elementor-inner-section elementor-element elementor-element-0976dd8 elementor-section-boxed elementor-section-height-default elementor-section-height-default\" data-id=\"0976dd8\" data-element_type=\"section\" data-e-type=\"section\">\n\t\t\t\t\t\t<div class=\"elementor-container elementor-column-gap-default\">\n\t\t\t\t\t<div class=\"elementor-column elementor-col-50 elementor-inner-column elementor-element elementor-element-f25a6d6\" data-id=\"f25a6d6\" data-element_type=\"column\" data-e-type=\"column\">\n\t\t\t<div class=\"elementor-widget-wrap elementor-element-populated\">\n\t\t\t\t\t\t<div class=\"elementor-element elementor-element-18c0bc3 elementor-widget elementor-widget-candore-sec-title\" data-id=\"18c0bc3\" data-element_type=\"widget\" data-e-type=\"widget\" data-widget_type=\"candore-sec-title.default\">\n\t\t\t\t<div class=\"elementor-widget-container\">\n\t\t\t\t\t\t\t<div class=\"section-head mb-0 text-left\">\n\t\t\t\t\t\t<h6 class=\"section-subtitle\">How does<\/h6>\n\t\t\t\t\t\t            <h5 class=\"section-title\">Self check-in work?<\/h5>\n\t\t\t\t\t\t\t\t\t\t\t<\/div>\n\t\t\t\t\t\t<\/div>\n\t\t\t\t<\/div>\n\t\t\t\t<div class=\"elementor-element elementor-element-53208b7 elementor-widget elementor-widget-candore-text-block\" data-id=\"53208b7\" data-element_type=\"widget\" data-e-type=\"widget\" data-widget_type=\"candore-text-block.default\">\n\t\t\t\t<div class=\"elementor-widget-container\">\n\t\t\t\t\t\t\t<div class=\"text-left  candore-text-block\">\r\n\t\t<p>Self check-in means that you will not be met at the reception desk by a hotel receptionist. You can therefore check in at any time from 16:00 until late at night.<\/p><p>After booking your room, you will receive an SMS with the number of the key safe and a code to unlock it. When you arrive, enter the code to unlock your safe and receive your keys. The safe number is also your room number.<\/p><p>The hotel rooms are located on the second floor of the complex, and a delicious, hearty breakfast awaits you on the third floor daily from 06:00-11:30.<\/p><p>Remember! You'll find a chip near your room keys. This is needed to unlock the complex's exterior doors after 21:00, when they automatically close.<\/p><p>When you check out, leave your key in the designated place by the door.<\/p><p>If you have any questions or queries, please call our hotel reception - 25 655 455.<\/p><p>\u00a0<\/p>\t\t<\/div>\r\n        \t\t\t\t<\/div>\n\t\t\t\t<\/div>\n\t\t\t\t\t<\/div>\n\t\t<\/div>\n\t\t\t\t<div class=\"elementor-column elementor-col-50 elementor-inner-column elementor-element elementor-element-b302634\" data-id=\"b302634\" data-element_type=\"column\" data-e-type=\"column\">\n\t\t\t<div class=\"elementor-widget-wrap elementor-element-populated\">\n\t\t\t\t\t\t<div class=\"elementor-element elementor-element-f2e6749 elementor-widget elementor-widget-image\" data-id=\"f2e6749\" data-element_type=\"widget\" data-e-type=\"widget\" data-widget_type=\"image.default\">\n\t\t\t\t<div class=\"elementor-widget-container\">\n\t\t\t\t\t\t\t\t\t\t\t\t\t\t\t<img decoding=\"async\" width=\"1440\" height=\"1800\" src=\"https:\/\/abzali.lv\/wp-content\/uploads\/425A2BB5-8D49-4A57-B249-F67CF18FD24C.jpg\" class=\"attachment-full size-full wp-image-2078\" alt=\"Lab\u0101k\u0101 viesn\u012bca \u0100da\u017eos\" srcset=\"https:\/\/abzali.lv\/wp-content\/uploads\/425A2BB5-8D49-4A57-B249-F67CF18FD24C.jpg 1440w, https:\/\/abzali.lv\/wp-content\/uploads\/425A2BB5-8D49-4A57-B249-F67CF18FD24C-240x300.jpg 240w, https:\/\/abzali.lv\/wp-content\/uploads\/425A2BB5-8D49-4A57-B249-F67CF18FD24C-819x1024.jpg 819w, https:\/\/abzali.lv\/wp-content\/uploads\/425A2BB5-8D49-4A57-B249-F67CF18FD24C-768x960.jpg 768w, https:\/\/abzali.lv\/wp-content\/uploads\/425A2BB5-8D49-4A57-B249-F67CF18FD24C-1229x1536.jpg 1229w, https:\/\/abzali.lv\/wp-content\/uploads\/425A2BB5-8D49-4A57-B249-F67CF18FD24C-10x12.jpg 10w, https:\/\/abzali.lv\/wp-content\/uploads\/425A2BB5-8D49-4A57-B249-F67CF18FD24C-600x750.jpg 600w\" sizes=\"(max-width: 1440px) 100vw, 1440px\" \/>\t\t\t\t\t\t\t\t\t\t\t\t\t\t\t<\/div>\n\t\t\t\t<\/div>\n\t\t\t\t\t<\/div>\n\t\t<\/div>\n\t\t\t\t\t<\/div>\n\t\t<\/section>\n\t\t\t\t\t<\/div>\n\t\t<\/div>\n\t\t\t\t\t<\/div>\n\t\t<\/section>\n\t\t\t\t<\/div>","protected":false},"excerpt":{"rendered":"<p>Abzali&lt;\/h5&gt; Viesn\u012bca Self check-in Viesn\u012bca Pied\u0101v\u0101jam nak&scaron;\u0146o&scaron;anu 13 \u0113rtos, unik\u0101la dizaina munuri\u0146os l\u012bdz 30 person\u0101m. Pieejami: &raquo; 10 standarta divviet\u012bgie numuri &raquo; 1 vienviet\u012bgs numurs &raquo; 1 tr\u012bsviet\u012bgs numurs&hellip;<\/p>","protected":false},"author":1,"featured_media":0,"parent":0,"menu_order":0,"comment_status":"closed","ping_status":"closed","template":"","meta":{"_monsterinsights_skip_tracking":false,"_monsterinsights_sitenote_active":false,"_monsterinsights_sitenote_note":"","_monsterinsights_sitenote_category":0,"footnotes":""},"class_list":["post-1440","page","type-page","status-publish","hentry"],"aioseo_notices":[],"jetpack_sharing_enabled":true,"_links":{"self":[{"href":"https:\/\/abzali.lv\/en\/wp-json\/wp\/v2\/pages\/1440","targetHints":{"allow":["GET"]}}],"collection":[{"href":"https:\/\/abzali.lv\/en\/wp-json\/wp\/v2\/pages"}],"about":[{"href":"https:\/\/abzali.lv\/en\/wp-json\/wp\/v2\/types\/page"}],"author":[{"embeddable":true,"href":"https:\/\/abzali.lv\/en\/wp-json\/wp\/v2\/users\/1"}],"replies":[{"embeddable":true,"href":"https:\/\/abzali.lv\/en\/wp-json\/wp\/v2\/comments?post=1440"}],"version-history":[{"count":42,"href":"https:\/\/abzali.lv\/en\/wp-json\/wp\/v2\/pages\/1440\/revisions"}],"predecessor-version":[{"id":2761,"href":"https:\/\/abzali.lv\/en\/wp-json\/wp\/v2\/pages\/1440\/revisions\/2761"}],"wp:attachment":[{"href":"https:\/\/abzali.lv\/en\/wp-json\/wp\/v2\/media?parent=1440"}],"curies":[{"name":"wp","href":"https:\/\/api.w.org\/{rel}","templated":true}]}}