{"id":2280,"date":"2024-12-10T16:01:26","date_gmt":"2024-12-10T14:01:26","guid":{"rendered":"https:\/\/abzali.lv\/?page_id=2280"},"modified":"2025-12-11T09:19:52","modified_gmt":"2025-12-11T07:19:52","slug":"ziemassvetku-mielasts","status":"publish","type":"page","link":"https:\/\/abzali.lv\/en\/ziemassvetku-mielasts\/","title":{"rendered":"Ziemassv\u0113tku mielasts"},"content":{"rendered":"<div data-elementor-type=\"wp-page\" data-elementor-id=\"2280\" class=\"elementor elementor-2280\">\n\t\t\t\t<div class=\"elementor-element elementor-element-03ecb28 e-con-full e-flex e-con e-parent\" data-id=\"03ecb28\" data-element_type=\"container\" data-e-type=\"container\">\n\t\t\t\t<div class=\"elementor-element elementor-element-eaa1e4c elementor-widget elementor-widget-candore-banner-simple\" data-id=\"eaa1e4c\" data-element_type=\"widget\" data-e-type=\"widget\" data-widget_type=\"candore-banner-simple.default\">\n\t\t\t\t<div class=\"elementor-widget-container\">\n\t\t\t\t\t\t\t\n\t\t\n\t\t<div class=\"banner-header valign bg-img bg-img-d-s bg-fixed\" data-overlay-dark=\"3\" data-background=\"https:\/\/abzali.lv\/wp-content\/uploads\/20251207_213119a-scaled.jpg\">\n\t\t\t<div class=\"container\">\n\t\t\t\t<div class=\"row\">\n\t\t\t\t\t<div class=\"col-md-12 text-center caption mt-60\">\n\t\t\t\t\t\t\t\t\t\t\t\t\t<h5 class=\"cd-intro-title-h5\">Bezr\u016bp\u012bgiem sv\u0113tkiem<\/h5>\n\t\t\t\t\t\t\t\t\t\t\t\t<h1 class=\"cd-intro-title-h1\">\n\t\t\t\t\t\t\t\t\t\t\t\t\tZiemassv\u0113tku un Jaungada mielasts\t\t\t\t\t\t\t\t\t\t\t\t\t\t\t\t\t\t<\/h1>\n\t\t\t\t\t\t\t\t\t\t\t<\/div>\n\t\t\t\t<\/div>\n\t\t\t<\/div>\n        <\/div>\t\t\n\n        \t\t\t\t<\/div>\n\t\t\t\t<\/div>\n\t\t\t\t<\/div>\n\t\t<div class=\"elementor-element elementor-element-0ab3577 e-flex e-con-boxed e-con e-parent\" data-id=\"0ab3577\" data-element_type=\"container\" data-e-type=\"container\" data-settings=\"{&quot;background_background&quot;:&quot;classic&quot;}\">\n\t\t\t\t\t<div class=\"e-con-inner\">\n\t\t<div class=\"elementor-element elementor-element-32cc695 e-con-full e-flex e-con e-child\" data-id=\"32cc695\" data-element_type=\"container\" data-e-type=\"container\">\n\t\t\t\t<div class=\"elementor-element elementor-element-b781af9 elementor-widget elementor-widget-candore-sec-title\" data-id=\"b781af9\" data-element_type=\"widget\" data-e-type=\"widget\" data-widget_type=\"candore-sec-title.default\">\n\t\t\t\t<div class=\"elementor-widget-container\">\n\t\t\t\t\t\t\t<div class=\"section-head mb-0 text-left\">\n\t\t\t\t\t\t            <h5 class=\"section-title\">Sagaidi sv\u0113tkus bez raiz\u0113m<\/h5>\n\t\t\t\t\t\t\t\t\t\t\t<\/div>\n\t\t\t\t\t\t<\/div>\n\t\t\t\t<\/div>\n\t\t\t\t<div class=\"elementor-element elementor-element-48862f3 elementor-widget elementor-widget-candore-text-block\" data-id=\"48862f3\" data-element_type=\"widget\" data-e-type=\"widget\" data-widget_type=\"candore-text-block.default\">\n\t\t\t\t<div class=\"elementor-widget-container\">\n\t\t\t\t\t\t\t<div class=\"text-left  candore-text-block\">\r\n\t\t<p>\ud83c\udf84 Ziemassv\u0113tku gar\u0161a Abza\u013cos \ud83c\udf84<br \/>M\u016bsu \u012bpa\u0161i izstr\u0101d\u0101tais sv\u0113tku pied\u0101v\u0101jums jau atkal ir gatavs iepriecin\u0101t gan tavas gar\u0161as k\u0101rpi\u0146as, gan sv\u0113tku saj\u016btas. Izv\u0113lies sv\u0113tku malt\u012bti, ko baud\u012bt m\u0101j\u0101s \u2014 m\u0113s par\u016bp\u0113simies par p\u0101r\u0113jo. Viss, kas tev j\u0101izdara, cepe\u0161kr\u0101sn\u012b j\u0101uzsilda pamat\u0113diens!<\/p><p>\ud83d\udcc5 Pas\u016bt\u012bjumi:<br \/>\u2022 L\u012bdz 22. decembrim, lai sa\u0146emtu 24. decembr\u012b<br \/>\u2022 L\u012bdz 29. decembrim, lai sa\u0146emtu 31. decembr\u012b<br \/>\ud83d\ude97 pieg\u0101des maksa \u0100da\u017eu novad\u0101- 5\u20ac<br \/><br \/>\u2728 Uzkodu izlase 4 person\u0101m \u2014 25 \u20ac<br \/>\u2022 Garneles bekon\u0101 terijaki\u2013\u010dili glaz\u016br\u0101<br \/>\u2022 Krabju n\u016bji\u0146u kr\u0113ms ar foreles ikriem un garne\u013cu \u010dipsiem<br \/>\u2022 K\u016bpin\u0101ta t\u012btara \u0161\u0137\u0113les sinepju\u2013eti\u0137a marin\u0101d\u0113<br \/>\u2022 Tako ar pikanto liellopa ga\u013cas, pupi\u0146u un kukur\u016bzas salsu<br \/>\u2022 Kartupe\u013cu\u2013siera kroketes ar liellopa ga\u013cu<br \/>\u2022 Siera standzi\u0146as<br \/>\u2022 Tartara m\u0113rce<br \/><br \/>\ud83d\udd25 Pamat\u0113diens \u010detr\u0101m person\u0101m \u2014 85 \u20ac<br \/>Izv\u0113lies vienu:<br \/>\u2022 K\u016bpin\u0101tas c\u016bkga\u013cas ribas BBQ m\u0113rc\u0113<br \/>vai<br \/>\u2022 Suvid\u0113ta p\u012ble apels\u012bnu\u2013brendija marin\u0101d\u0113 ar \u0101bolu\u2013dz\u0113rve\u0146u pild\u012bjumu un sarkanv\u012bna\u2013\u0137ir\u0161u m\u0113rci<br \/>Piedevas:<br \/>\u2022 Kartupe\u013cu biezenis<br \/>\u2022Kr\u0101sn\u012b cepti d\u0101rze\u0146i<br \/><br \/>\ud83c\udf70 Deserts 4 person\u0101m \u2014 20 \u20ac<br \/>\u2022 Napoleons ar j\u0101\u0146ogu m\u0113rces pild\u012bjumu<br \/><br \/>Pas\u016btot pamat\u0113dienu kop\u0101 ar desertu - 90\u20ac<br \/>Visas tr\u012bs k\u0101rtas kop\u0101 - 115\u20ac<br \/><br \/>Pas\u016bt\u012bjumus veic, zvanot - \u260e 25 665 445<br \/><br \/>\ud83c\udf81 Sag\u0101d\u0101 sev un saviem m\u012b\u013cajiem gardu un mierpilnu sv\u0113tku laiku \u2014 m\u0113s par\u016bp\u0113simies, lai sv\u0113tku galds b\u016btu izcils.<\/p>\t\t<\/div>\r\n        \t\t\t\t<\/div>\n\t\t\t\t<\/div>\n\t\t\t\t<\/div>\n\t\t<div class=\"elementor-element elementor-element-a603373 e-con-full e-flex e-con e-child\" data-id=\"a603373\" data-element_type=\"container\" data-e-type=\"container\">\n\t\t\t\t<div class=\"elementor-element elementor-element-6cc7f9d elementor-widget elementor-widget-candore-image-slider\" data-id=\"6cc7f9d\" data-element_type=\"widget\" data-e-type=\"widget\" data-widget_type=\"candore-image-slider.default\">\n\t\t\t\t<div class=\"elementor-widget-container\">\n\t\t\t\t\t\t\t<div class=\"parallax-header parallax-slider-fade\">\n        <div class=\"owl-carousel owl-theme\" data-carousel-autoplay=\"true\" data-carousel-speed=\"100\" data-carousel-timeout=\"4000\" data-carousel-nav=\"false\" data-carousel-dots=\"true\" data-carousel-dots-mobile=\"true\">\n            \t\t\t\t\t\t<div class=\"text-left item bg-img-s\" data-overlay-dark=\"0\" data-background=\"https:\/\/abzali.lv\/wp-content\/uploads\/IMG-20251207-WA0103-scaled.jpg\">\n\t\t\t                <div class=\"v-middle caption\">\n                    <div class=\"container\">\n\t\t\t\t\t\t                        <div class=\"row\">\n                            <div class=\"col-md-12 text-center\">\n                                <div class=\"o-hidden\">\n\t\t\t\t\t\t\t\t                                    \t\t\t\t\t\t\t\t\t\t\t\t\t\t\t\t\t\t\t\t\t\t\t\t\t\t                                <\/div>\n                            <\/div>\n                        <\/div>\n                    <\/div>\n                <\/div>\n            <\/div>\n\t\t\t\t\t\t\t\t\t<div class=\"text-left item bg-img-s\" data-overlay-dark=\"0\" data-background=\"https:\/\/abzali.lv\/wp-content\/uploads\/IMG-20251207-WA0113-scaled.jpg\">\n\t\t\t                <div class=\"v-middle caption\">\n                    <div class=\"container\">\n\t\t\t\t\t\t                        <div class=\"row\">\n                            <div class=\"col-md-12 text-center\">\n                                <div class=\"o-hidden\">\n\t\t\t\t\t\t\t\t                                    \t\t\t\t\t\t\t\t\t\t\t\t\t\t\t\t\t\t\t\t\t\t\t\t\t\t                                <\/div>\n                            <\/div>\n                        <\/div>\n                    <\/div>\n                <\/div>\n            <\/div>\n\t\t\t\t\t\t\t\t\t<div class=\"text-left item bg-img-s\" data-overlay-dark=\"0\" data-background=\"https:\/\/abzali.lv\/wp-content\/uploads\/20251207_2138035a-rotated.jpg\">\n\t\t\t                <div class=\"v-middle caption\">\n                    <div class=\"container\">\n\t\t\t\t\t\t                        <div class=\"row\">\n                            <div class=\"col-md-12 text-center\">\n                                <div class=\"o-hidden\">\n\t\t\t\t\t\t\t\t                                    \t\t\t\t\t\t\t\t\t\t\t\t\t\t\t\t\t\t\t\t\t\t\t\t\t\t                                <\/div>\n                            <\/div>\n                        <\/div>\n                    <\/div>\n                <\/div>\n            <\/div>\n\t\t\t        <\/div>\n\t\t<\/div>\n\t\t\t\n\n        \t\t\t\t<\/div>\n\t\t\t\t<\/div>\n\t\t\t\t<\/div>\n\t\t\t\t\t<\/div>\n\t\t\t\t<\/div>\n\t\t\t\t<\/div>","protected":false},"excerpt":{"rendered":"<p>Bezr\u016bp\u012bgiem sv\u0113tkiem Ziemassv\u0113tku un Jaungada mielasts Sagaidi sv\u0113tkus bez raiz\u0113m &#x1f384; Ziemassv\u0113tku gar\u0161a Abza\u013cos &#x1f384;M\u016bsu \u012bpa\u0161i izstr\u0101d\u0101tais sv\u0113tku pied\u0101v\u0101jums jau atkal ir gatavs iepriecin\u0101t gan tavas gar\u0161as k\u0101rpi\u0146as, gan sv\u0113tku&#8230;<\/p>","protected":false},"author":1,"featured_media":0,"parent":0,"menu_order":0,"comment_status":"closed","ping_status":"closed","template":"","meta":{"_monsterinsights_skip_tracking":false,"_monsterinsights_sitenote_active":false,"_monsterinsights_sitenote_note":"","_monsterinsights_sitenote_category":0,"footnotes":""},"class_list":["post-2280","page","type-page","status-publish","hentry"],"aioseo_notices":[],"jetpack_sharing_enabled":true,"_links":{"self":[{"href":"https:\/\/abzali.lv\/en\/wp-json\/wp\/v2\/pages\/2280","targetHints":{"allow":["GET"]}}],"collection":[{"href":"https:\/\/abzali.lv\/en\/wp-json\/wp\/v2\/pages"}],"about":[{"href":"https:\/\/abzali.lv\/en\/wp-json\/wp\/v2\/types\/page"}],"author":[{"embeddable":true,"href":"https:\/\/abzali.lv\/en\/wp-json\/wp\/v2\/users\/1"}],"replies":[{"embeddable":true,"href":"https:\/\/abzali.lv\/en\/wp-json\/wp\/v2\/comments?post=2280"}],"version-history":[{"count":9,"href":"https:\/\/abzali.lv\/en\/wp-json\/wp\/v2\/pages\/2280\/revisions"}],"predecessor-version":[{"id":2775,"href":"https:\/\/abzali.lv\/en\/wp-json\/wp\/v2\/pages\/2280\/revisions\/2775"}],"wp:attachment":[{"href":"https:\/\/abzali.lv\/en\/wp-json\/wp\/v2\/media?parent=2280"}],"curies":[{"name":"wp","href":"https:\/\/api.w.org\/{rel}","templated":true}]}}