{"id":2312,"date":"2025-01-20T19:30:59","date_gmt":"2025-01-20T17:30:59","guid":{"rendered":"https:\/\/abzali.lv\/?page_id=2312"},"modified":"2025-10-28T17:38:04","modified_gmt":"2025-10-28T15:38:04","slug":"texas-bbq","status":"publish","type":"page","link":"https:\/\/abzali.lv\/en\/texas-bbq\/","title":{"rendered":"Texas style BBQ"},"content":{"rendered":"<div data-elementor-type=\"wp-page\" data-elementor-id=\"2312\" class=\"elementor elementor-2312\">\n\t\t\t\t<div class=\"elementor-element elementor-element-03ecb28 e-con-full e-flex e-con e-parent\" data-id=\"03ecb28\" data-element_type=\"container\" data-e-type=\"container\">\n\t\t\t\t<div class=\"elementor-element elementor-element-eaa1e4c elementor-widget elementor-widget-candore-banner-simple\" data-id=\"eaa1e4c\" data-element_type=\"widget\" data-e-type=\"widget\" data-widget_type=\"candore-banner-simple.default\">\n\t\t\t\t<div class=\"elementor-widget-container\">\n\t\t\t\t\t\t\t\n\t\t\n\t\t<div class=\"banner-header valign bg-img bg-img-d-s bg-fixed\" data-overlay-dark=\"3\" data-background=\"https:\/\/abzali.lv\/wp-content\/uploads\/IMG_0267.jpg\">\n\t\t\t<div class=\"container\">\n\t\t\t\t<div class=\"row\">\n\t\t\t\t\t<div class=\"col-md-12 text-center caption mt-60\">\n\t\t\t\t\t\t\t\t\t\t\t\t\t<h5 class=\"cd-intro-title-h5\">Every Wednesday<\/h5>\n\t\t\t\t\t\t\t\t\t\t\t\t<h1 class=\"cd-intro-title-h1\">\n\t\t\t\t\t\t\t\t\t\t\t\t\tTexas style BBQ\t\t\t\t\t\t\t\t\t\t\t\t\t\t\t\t\t\t<\/h1>\n\t\t\t\t\t\t\t\t\t\t\t<\/div>\n\t\t\t\t<\/div>\n\t\t\t<\/div>\n        <\/div>\t\t\n\n        \t\t\t\t<\/div>\n\t\t\t\t<\/div>\n\t\t\t\t<\/div>\n\t\t<div class=\"elementor-element elementor-element-0ab3577 e-flex e-con-boxed e-con e-parent\" data-id=\"0ab3577\" data-element_type=\"container\" data-e-type=\"container\" data-settings=\"{&quot;background_background&quot;:&quot;classic&quot;}\">\n\t\t\t\t\t<div class=\"e-con-inner\">\n\t\t<div class=\"elementor-element elementor-element-32cc695 e-con-full e-flex e-con e-child\" data-id=\"32cc695\" data-element_type=\"container\" data-e-type=\"container\">\n\t\t\t\t<div class=\"elementor-element elementor-element-b781af9 elementor-widget elementor-widget-candore-sec-title\" data-id=\"b781af9\" data-element_type=\"widget\" data-e-type=\"widget\" data-widget_type=\"candore-sec-title.default\">\n\t\t\t\t<div class=\"elementor-widget-container\">\n\t\t\t\t\t\t\t<div class=\"section-head mb-0 text-left\">\n\t\t\t\t\t\t<h6 class=\"section-subtitle\">Experience<\/h6>\n\t\t\t\t\t\t            <h5 class=\"section-title\">the flavours of America<\/h5>\n\t\t\t\t\t\t\t\t\t\t\t<\/div>\n\t\t\t\t\t\t<\/div>\n\t\t\t\t<\/div>\n\t\t\t\t<div class=\"elementor-element elementor-element-48862f3 elementor-widget elementor-widget-candore-text-block\" data-id=\"48862f3\" data-element_type=\"widget\" data-e-type=\"widget\" data-widget_type=\"candore-text-block.default\">\n\t\t\t\t<div class=\"elementor-widget-container\">\n\t\t\t\t\t\t\t<div class=\"text-left  candore-text-block\">\r\n\t\t<p>Want to feel like you've crossed the ocean for a moment?\nEnjoy the flavors of America right here with our Texas-style BBQ platter.<\/p><p>\u2757\ufe0f Plate pieejama katru tre\u0161dienu plkst. 18.00-21.00<br \/>\u2757\ufe0f T\u0101 k\u0101 k\u016bpin\u0101m ga\u013cas ierobe\u017eot\u0101 daudzum\u0101, iepriek\u0161\u0113ja rezerv\u0101cija vismaz dienu iepriek\u0161\u00a0 ir oblig\u0101ta, zvanot \u260e 25 665 445 un nosaucot pl\u0101noto cilv\u0113ku skaitu rezerv\u0101cijai.<\/p><p>Plates cena - 35 eur\/pers. Minim\u0101lais pas\u016bt\u012bjuma apjoms - 10 person\u0101m. Rezerv\u0101cijai tiek piem\u0113rota lielas grupas apkalpo\u0161anas maksa - 10% no kop\u0113j\u0101 r\u0113\u0137ina.<\/p>\t\t<\/div>\r\n        \t\t\t\t<\/div>\n\t\t\t\t<\/div>\n\t\t\t\t<div class=\"elementor-element elementor-element-673d8fb elementor-widget elementor-widget-candore-sec-title\" data-id=\"673d8fb\" data-element_type=\"widget\" data-e-type=\"widget\" data-widget_type=\"candore-sec-title.default\">\n\t\t\t\t<div class=\"elementor-widget-container\">\n\t\t\t\t\t\t\t<div class=\"section-head mb-0 text-left\">\n\t\t\t\t\t\t<h6 class=\"section-subtitle\">What meats are included in your BBQ platter?<\/h6>\n\t\t\t\t\t\t\t\t\t\t\t\t\t\t<\/div>\n\t\t\t\t\t\t<\/div>\n\t\t\t\t<\/div>\n\t\t\t\t<div class=\"elementor-element elementor-element-598f43a elementor-widget elementor-widget-candore-text-block\" data-id=\"598f43a\" data-element_type=\"widget\" data-e-type=\"widget\" data-widget_type=\"candore-text-block.default\">\n\t\t\t\t<div class=\"elementor-widget-container\">\n\t\t\t\t\t\t\t<div class=\"text-left  candore-text-block\">\r\n\t\t<p>\ud83c\udf56 Smoked brisket \u2013 the star of Texas BBQ. Thanks to its fat content and the smoking process, it delivers an incredibly rich beef flavor and juiciness.<br \/>\ud83c\udf56 Smoked pork ribs in BBQ glaze.<br \/>\ud83c\udf56 Smoked turkey.<br \/>\ud83c\udf56 Smoked chicken drumsticks.<br \/>\ud83c\udf56 Homemade sausages made from brisket, ribeye, and pork neck.<br \/>\ud83c\udf56 Side dishes.<\/p>\t\t<\/div>\r\n        \t\t\t\t<\/div>\n\t\t\t\t<\/div>\n\t\t\t\t<div class=\"elementor-element elementor-element-28b2548 elementor-widget elementor-widget-candore-sec-title\" data-id=\"28b2548\" data-element_type=\"widget\" data-e-type=\"widget\" data-widget_type=\"candore-sec-title.default\">\n\t\t\t\t<div class=\"elementor-widget-container\">\n\t\t\t\t\t\t\t<div class=\"section-head mb-0 text-left\">\n\t\t\t\t\t\t<h6 class=\"section-subtitle\">Did you know that the secret to Texas-style BBQ isn\u2019t just the carefully prepared and slow-smoked meats?<\/h6>\n\t\t\t\t\t\t\t\t\t\t\t\t\t\t<\/div>\n\t\t\t\t\t\t<\/div>\n\t\t\t\t<\/div>\n\t\t\t\t<div class=\"elementor-element elementor-element-57e4bdf elementor-widget elementor-widget-candore-text-block\" data-id=\"57e4bdf\" data-element_type=\"widget\" data-e-type=\"widget\" data-widget_type=\"candore-text-block.default\">\n\t\t\t\t<div class=\"elementor-widget-container\">\n\t\t\t\t\t\t\t<div class=\"text-left  candore-text-block\">\r\n\t\t<p>An equally important rule for great BBQ is the sides, which balance out the richness and depth of the meat's flavor.<br \/>\ud83c\udf7d Cornbread \u2013 an American classic. Cornmeal gives it that signature crunch and sweetness, making it a perfect match for BBQ or a tasty treat on its own.<br \/>\ud83c\udf7d White bread \u2013 originally served in the 19th century as an inexpensive BBQ side, it remains essential today. Its neutral flavor enhances the smoky meat, while the soft texture soaks up sauces and juices so that no bite goes to waste.<br \/>\ud83c\udf7d Coleslaw with mayonnaise \u2013 for a touch of crunch and freshness.<br \/>\ud83c\udf7d Pickles and jalape\u00f1os \u2013 their acidity and spice perfectly complement the meat\u2019s flavors.<br \/>\ud83c\udf7d Grilled corn \u2013 a classic BBQ side with a slightly smoky, sweet, and salty taste.<br \/>\ud83c\udf7d And of course, BBQ sauce \u2013 because you can never have too much of these flavors!<\/p>\t\t<\/div>\r\n        \t\t\t\t<\/div>\n\t\t\t\t<\/div>\n\t\t\t\t<\/div>\n\t\t<div class=\"elementor-element elementor-element-a603373 e-con-full e-flex e-con e-child\" data-id=\"a603373\" data-element_type=\"container\" data-e-type=\"container\">\n\t\t\t\t<div class=\"elementor-element elementor-element-6cc7f9d elementor-widget elementor-widget-candore-image-slider\" data-id=\"6cc7f9d\" data-element_type=\"widget\" data-e-type=\"widget\" data-widget_type=\"candore-image-slider.default\">\n\t\t\t\t<div class=\"elementor-widget-container\">\n\t\t\t\t\t\t\t<div class=\"parallax-header parallax-slider-fade\">\n        <div class=\"owl-carousel owl-theme\" data-carousel-autoplay=\"true\" data-carousel-speed=\"60\" data-carousel-timeout=\"4000\" data-carousel-nav=\"false\" data-carousel-dots=\"true\" data-carousel-dots-mobile=\"true\">\n            \t\t\t\t\t\t<div class=\"text-left item bg-img-s\" data-overlay-dark=\"0\" data-background=\"https:\/\/abzali.lv\/wp-content\/uploads\/20241127_193149.jpg\">\n\t\t\t                <div class=\"v-middle caption\">\n                    <div class=\"container\">\n\t\t\t\t\t\t                        <div class=\"row\">\n                            <div class=\"col-md-12 text-center\">\n                                <div class=\"o-hidden\">\n\t\t\t\t\t\t\t\t                                    \t\t\t\t\t\t\t\t\t\t\t\t\t\t\t\t\t\t\t\t\t\t\t\t\t\t                                <\/div>\n                            <\/div>\n                        <\/div>\n                    <\/div>\n                <\/div>\n            <\/div>\n\t\t\t\t\t\t\t\t\t<div class=\"text-left item bg-img-s\" data-overlay-dark=\"0\" data-background=\"https:\/\/abzali.lv\/wp-content\/uploads\/20241112_132052-3.jpg\">\n\t\t\t                <div class=\"v-middle caption\">\n                    <div class=\"container\">\n\t\t\t\t\t\t                        <div class=\"row\">\n                            <div class=\"col-md-12 text-center\">\n                                <div class=\"o-hidden\">\n\t\t\t\t\t\t\t\t                                    \t\t\t\t\t\t\t\t\t\t\t\t\t\t\t\t\t\t\t\t\t\t\t\t\t\t                                <\/div>\n                            <\/div>\n                        <\/div>\n                    <\/div>\n                <\/div>\n            <\/div>\n\t\t\t\t\t\t\t\t\t<div class=\"text-left item bg-img-s\" data-overlay-dark=\"0\" data-background=\"https:\/\/abzali.lv\/wp-content\/uploads\/20241113_2005211.jpg\">\n\t\t\t                <div class=\"v-middle caption\">\n                    <div class=\"container\">\n\t\t\t\t\t\t                        <div class=\"row\">\n                            <div class=\"col-md-12 text-center\">\n                                <div class=\"o-hidden\">\n\t\t\t\t\t\t\t\t                                    \t\t\t\t\t\t\t\t\t\t\t\t\t\t\t\t\t\t\t\t\t\t\t\t\t\t                                <\/div>\n                            <\/div>\n                        <\/div>\n                    <\/div>\n                <\/div>\n            <\/div>\n\t\t\t\t\t\t\t\t\t<div class=\"text-left item bg-img-s\" data-overlay-dark=\"0\" data-background=\"https:\/\/abzali.lv\/wp-content\/uploads\/20241127_193321-4.jpg\">\n\t\t\t                <div class=\"v-middle caption\">\n                    <div class=\"container\">\n\t\t\t\t\t\t                        <div class=\"row\">\n                            <div class=\"col-md-12 text-center\">\n                                <div class=\"o-hidden\">\n\t\t\t\t\t\t\t\t                                    \t\t\t\t\t\t\t\t\t\t\t\t\t\t\t\t\t\t\t\t\t\t\t\t\t\t                                <\/div>\n                            <\/div>\n                        <\/div>\n                    <\/div>\n                <\/div>\n            <\/div>\n\t\t\t\t\t\t\t\t\t<div class=\"text-left item bg-img-s\" data-overlay-dark=\"0\" data-background=\"https:\/\/abzali.lv\/wp-content\/uploads\/20250107_133300.jpg\">\n\t\t\t                <div class=\"v-middle caption\">\n                    <div class=\"container\">\n\t\t\t\t\t\t                        <div class=\"row\">\n                            <div class=\"col-md-12 text-center\">\n                                <div class=\"o-hidden\">\n\t\t\t\t\t\t\t\t                                    \t\t\t\t\t\t\t\t\t\t\t\t\t\t\t\t\t\t\t\t\t\t\t\t\t\t                                <\/div>\n                            <\/div>\n                        <\/div>\n                    <\/div>\n                <\/div>\n            <\/div>\n\t\t\t        <\/div>\n\t\t<\/div>\n\t\t\t\n\n        \t\t\t\t<\/div>\n\t\t\t\t<\/div>\n\t\t\t\t<\/div>\n\t\t\t\t\t<\/div>\n\t\t\t\t<\/div>\n\t\t\t\t<\/div>","protected":false},"excerpt":{"rendered":"<p>Katru tre\u0161dienu Teksasas stila barbekj\u016b Izbaudi Amerikas gar\u0161as V\u0113lies uz br\u012bdi justies, k\u0101 non\u0101cis p\u0101ri oke\u0101nam? Izbaudi Amerikas gar\u0161as tepat ar m\u016bsu Teksasas stila barbekj\u016b plati. &#x2757;&#xfe0f; Plate pieejama katru&#8230;<\/p>","protected":false},"author":1,"featured_media":0,"parent":0,"menu_order":0,"comment_status":"closed","ping_status":"closed","template":"","meta":{"_monsterinsights_skip_tracking":false,"_monsterinsights_sitenote_active":false,"_monsterinsights_sitenote_note":"","_monsterinsights_sitenote_category":0,"footnotes":""},"class_list":["post-2312","page","type-page","status-publish","hentry"],"aioseo_notices":[],"jetpack_sharing_enabled":true,"_links":{"self":[{"href":"https:\/\/abzali.lv\/en\/wp-json\/wp\/v2\/pages\/2312","targetHints":{"allow":["GET"]}}],"collection":[{"href":"https:\/\/abzali.lv\/en\/wp-json\/wp\/v2\/pages"}],"about":[{"href":"https:\/\/abzali.lv\/en\/wp-json\/wp\/v2\/types\/page"}],"author":[{"embeddable":true,"href":"https:\/\/abzali.lv\/en\/wp-json\/wp\/v2\/users\/1"}],"replies":[{"embeddable":true,"href":"https:\/\/abzali.lv\/en\/wp-json\/wp\/v2\/comments?post=2312"}],"version-history":[{"count":14,"href":"https:\/\/abzali.lv\/en\/wp-json\/wp\/v2\/pages\/2312\/revisions"}],"predecessor-version":[{"id":2765,"href":"https:\/\/abzali.lv\/en\/wp-json\/wp\/v2\/pages\/2312\/revisions\/2765"}],"wp:attachment":[{"href":"https:\/\/abzali.lv\/en\/wp-json\/wp\/v2\/media?parent=2312"}],"curies":[{"name":"wp","href":"https:\/\/api.w.org\/{rel}","templated":true}]}}