{"id":2787,"date":"2026-01-25T12:25:56","date_gmt":"2026-01-25T10:25:56","guid":{"rendered":"https:\/\/abzali.lv\/?page_id=2787"},"modified":"2026-01-25T13:11:37","modified_gmt":"2026-01-25T11:11:37","slug":"kamersluksana","status":"publish","type":"page","link":"https:\/\/abzali.lv\/en\/kamersluksana\/","title":{"rendered":"Kamer\u0161\u013c\u016bk\u0161ana"},"content":{"rendered":"<div data-elementor-type=\"wp-page\" data-elementor-id=\"2787\" class=\"elementor elementor-2787\">\n\t\t\t\t<div class=\"elementor-element elementor-element-03ecb28 e-con-full e-flex e-con e-parent\" data-id=\"03ecb28\" data-element_type=\"container\" data-e-type=\"container\">\n\t\t\t\t<div class=\"elementor-element elementor-element-eaa1e4c elementor-widget elementor-widget-candore-banner-simple\" data-id=\"eaa1e4c\" data-element_type=\"widget\" data-e-type=\"widget\" data-widget_type=\"candore-banner-simple.default\">\n\t\t\t\t<div class=\"elementor-widget-container\">\n\t\t\t\t\t\t\t\n\t\t\n\t\t<div class=\"banner-header valign bg-img bg-img-d-s bg-fixed\" data-overlay-dark=\"0\" data-background=\"https:\/\/abzali.lv\/wp-content\/uploads\/Foto-Ernests-Dinka-1497-scaled.jpg\">\n\t\t\t<div class=\"container\">\n\t\t\t\t<div class=\"row\">\n\t\t\t\t\t<div class=\"col-md-12 text-center caption mt-60\">\n\t\t\t\t\t\t\t\t\t\t\t\t\t<h5 class=\"cd-intro-title-h5\">Izbaudi akt\u012bvu ziemu<\/h5>\n\t\t\t\t\t\t\t\t\t\t\t\t<h1 class=\"cd-intro-title-h1\">\n\t\t\t\t\t\t\t\t\t\t\t\t\tLedus trases kamer\u0161\u013c\u016bk\u0161anai\t\t\t\t\t\t\t\t\t\t\t\t\t\t\t\t\t\t<\/h1>\n\t\t\t\t\t\t\t\t\t\t\t<\/div>\n\t\t\t\t<\/div>\n\t\t\t<\/div>\n        <\/div>\t\t\n\n        \t\t\t\t<\/div>\n\t\t\t\t<\/div>\n\t\t\t\t<\/div>\n\t\t<div class=\"elementor-element elementor-element-0ab3577 e-flex e-con-boxed e-con e-parent\" data-id=\"0ab3577\" data-element_type=\"container\" data-e-type=\"container\" data-settings=\"{&quot;background_background&quot;:&quot;classic&quot;}\">\n\t\t\t\t\t<div class=\"e-con-inner\">\n\t\t<div class=\"elementor-element elementor-element-32cc695 e-con-full e-flex e-con e-child\" data-id=\"32cc695\" data-element_type=\"container\" data-e-type=\"container\">\n\t\t\t\t<div class=\"elementor-element elementor-element-b781af9 elementor-widget elementor-widget-candore-sec-title\" data-id=\"b781af9\" data-element_type=\"widget\" data-e-type=\"widget\" data-widget_type=\"candore-sec-title.default\">\n\t\t\t\t<div class=\"elementor-widget-container\">\n\t\t\t\t\t\t\t<div class=\"section-head mb-0 text-left\">\n\t\t\t\t\t\t<h6 class=\"section-subtitle\">5. sezona<\/h6>\n\t\t\t\t\t\t            <h5 class=\"section-title\">Ice Ice<\/h5>\n\t\t\t\t\t\t\t\t\t\t\t<\/div>\n\t\t\t\t\t\t<\/div>\n\t\t\t\t<\/div>\n\t\t\t\t<div class=\"elementor-element elementor-element-48862f3 elementor-widget elementor-widget-candore-text-block\" data-id=\"48862f3\" data-element_type=\"widget\" data-e-type=\"widget\" data-widget_type=\"candore-text-block.default\">\n\t\t\t\t<div class=\"elementor-widget-container\">\n\t\t\t\t\t\t\t<div class=\"text-left  candore-text-block\">\r\n\t\t<p>Ledus trase ar div\u0101m taisnaj\u0101m tras\u0113m un vir\u0101\u017eu trasi as\u0101ku izj\u016btu cien\u012bt\u0101jiem ir gatava uz\u0146emt lielus un mazus brauc\u0113jus!<\/p><p>\ud83d\udd70\ufe0f\u2744\ufe0fDarba laiks kamer\u0161\u013c\u016bk\u0161anai plkst. 12.00-20.00<\/p><p>\u2705\u0160ogad kamer\u0161\u013c\u016bk\u0161ana darbosies bez rezerv\u0101cij\u0101m. Rezerv\u0101cijas pieejamas tikai grup\u0101m virs 10 kamer\u0101m.<br \/>Grupu rezerv\u0101cijas zvanot \ud83d\udcde +371 25 665 445<\/p><p>\u2705Cena par kameru 10eur\/55min<br \/>\u2705Kamer\u0161\u013c\u016bk\u0161anas sesijas s\u0101kas apa\u013c\u0101s stund\u0101s un beidzas piecas min\u016btes pirms n\u0101ko\u0161\u0101s t.i. 12.00-12.55, 13.00-13.55, 14.00-14.55 u.t.t.<br \/>\u2705Vienlaic\u012bgi pieejamas 40 kameras.<\/p>\t\t<\/div>\r\n        \t\t\t\t<\/div>\n\t\t\t\t<\/div>\n\t\t\t\t<div class=\"elementor-element elementor-element-50efc18 elementor-widget elementor-widget-candore-sec-title\" data-id=\"50efc18\" data-element_type=\"widget\" data-e-type=\"widget\" data-widget_type=\"candore-sec-title.default\">\n\t\t\t\t<div class=\"elementor-widget-container\">\n\t\t\t\t\t\t\t<div class=\"section-head mb-0 text-left\">\n\t\t\t\t\t\t<h6 class=\"section-subtitle\">Trases izmanto\u0161anas noteikumi<\/h6>\n\t\t\t\t\t\t\t\t\t\t\t\t\t\t<\/div>\n\t\t\t\t\t\t<\/div>\n\t\t\t\t<\/div>\n\t\t\t\t<div class=\"elementor-element elementor-element-54dacec elementor-widget elementor-widget-candore-text-block\" data-id=\"54dacec\" data-element_type=\"widget\" data-e-type=\"widget\" data-widget_type=\"candore-text-block.default\">\n\t\t\t\t<div class=\"elementor-widget-container\">\n\t\t\t\t\t\t\t<div class=\"text-left  candore-text-block\">\r\n\t\t<p>1. Nov\u0113rt\u0113 savu vesel\u012bbas st\u0101vokli pirms do\u0161an\u0101s tras\u0113, uz\u0146emoties pilnu atbild\u012bbu par sevi.<br \/>2. \u0160\u013c\u016bk\u0161anai pa \u012bpa\u0161i ier\u012bkoto trasi dr\u012bkst izmantot tikai tam paredz\u0113to invent\u0101ru, kuru nodro\u0161ina \u201cAbza\u013ci\u201d.<br \/>3. Kameras dr\u012bkst izmantot tikai t\u0101m attiec\u012bgi paredz\u0113taj\u0101s tras\u0113s.<br \/>4. \u0160\u013c\u016bk\u0161anai paredz\u0113to kameru dr\u012bkst izmantot tikai pa vienam cilv\u0113kam, iz\u0146emot b\u0113rnus l\u012bdz 7 gadu vecumam.<br \/>5. B\u0113rni, kuri jaun\u0101ki par septi\u0146iem gadiem, var veikt nobraucienu tikai kop\u0101 ar pieaugu\u0161o, kur\u0161 brauciena laik\u0101 uz\u0146emas pilnu atbild\u012bbu par b\u0113rnu.<br \/>6. Braucienu dr\u012bkst uzs\u0101kt tikai tad, kad iepriek\u0161\u0113jais brauc\u0113js atst\u0101jis trasi.<br \/>7. Beidzot braucienu, nekav\u0113joties j\u0101atbr\u012bvo trase, iepriek\u0161 p\u0101rliecinoties, ka no blakus eso\u0161aj\u0101m tras\u0113m netuvojas kameras un \u0161\u0137\u0113rsot trasi ir dro\u0161i.<br \/>8. Rindu pie s\u0101kuma estek\u0101des dr\u012bkst aiz\u0146emt tikai kameras lietot\u0101js.<br \/>9. No trases beig\u0101m uz startu nedr\u012bkst iet pa trasi!<br \/>10. Bez ierun\u0101m j\u0101pilda atrakciju apkalpojo\u0161\u0101 person\u0101la nor\u0101d\u012bjumi.<br \/>11. Gad\u012bjumos, kad apmekl\u0113t\u0101js nepak\u013caujas noteikumiem, person\u0101ls ir ties\u012bgs liegt iesp\u0113ju izmantot parku.<br \/>12. Tras\u0113 aizliegts uztur\u0113ties su\u0146iem un citiem dz\u012bvniekiem.<br \/>13. Trasi nedr\u012bkst izmantot alkohola, narkotisko un\/vai psihotropo vielu reibum\u0101 eso\u0161as personas.<br \/>14. Cieni p\u0101r\u0113jos kamer\u0161\u013c\u016bk\u0161anas trases lietot\u0101jus, lai nerad\u012btu draudus savai un citu dro\u0161\u012bbai.<br \/>15. Trases lietot\u0101js ir atbild\u012bgs par kait\u0113jumu, kas nodar\u012bts tre\u0161ajai personai vai \u201cAbza\u013ci\u201d.<\/p><p>\u00a0<\/p><p>Do\u0161an\u0101s tras\u0113 apliecina, ka esi iepazinies un ap\u0146emies iev\u0113rot \u0161os noteikumus!<\/p>\t\t<\/div>\r\n        \t\t\t\t<\/div>\n\t\t\t\t<\/div>\n\t\t\t\t<\/div>\n\t\t<div class=\"elementor-element elementor-element-a603373 e-con-full e-flex e-con e-child\" data-id=\"a603373\" data-element_type=\"container\" data-e-type=\"container\">\n\t\t\t\t<div class=\"elementor-element elementor-element-6cc7f9d elementor-widget elementor-widget-candore-image-slider\" data-id=\"6cc7f9d\" data-element_type=\"widget\" data-e-type=\"widget\" data-widget_type=\"candore-image-slider.default\">\n\t\t\t\t<div class=\"elementor-widget-container\">\n\t\t\t\t\t\t\t<div class=\"parallax-header parallax-slider-fade\">\n        <div class=\"owl-carousel owl-theme\" data-carousel-autoplay=\"true\" data-carousel-speed=\"60\" data-carousel-timeout=\"4000\" data-carousel-nav=\"false\" data-carousel-dots=\"true\" data-carousel-dots-mobile=\"true\">\n            \t\t\t\t\t\t<div class=\"text-left item bg-img-s\" data-overlay-dark=\"0\" data-background=\"https:\/\/abzali.lv\/wp-content\/uploads\/Foto-Ernests-Dinka-1341-scaled.jpg\">\n\t\t\t                <div class=\"v-middle caption\">\n                    <div class=\"container\">\n\t\t\t\t\t\t                        <div class=\"row\">\n                            <div class=\"col-md-12 text-center\">\n                                <div class=\"o-hidden\">\n\t\t\t\t\t\t\t\t                                    \t\t\t\t\t\t\t\t\t\t\t\t\t\t\t\t\t\t\t\t\t\t\t\t\t\t                                <\/div>\n                            <\/div>\n                        <\/div>\n                    <\/div>\n                <\/div>\n            <\/div>\n\t\t\t\t\t\t\t\t\t<div class=\"text-left item bg-img-s\" data-overlay-dark=\"0\" data-background=\"https:\/\/abzali.lv\/wp-content\/uploads\/Foto-Ernests-Dinka-1517-scaled.jpg\">\n\t\t\t                <div class=\"v-middle caption\">\n                    <div class=\"container\">\n\t\t\t\t\t\t                        <div class=\"row\">\n                            <div class=\"col-md-12 text-center\">\n                                <div class=\"o-hidden\">\n\t\t\t\t\t\t\t\t                                    \t\t\t\t\t\t\t\t\t\t\t\t\t\t\t\t\t\t\t\t\t\t\t\t\t\t                                <\/div>\n                            <\/div>\n                        <\/div>\n                    <\/div>\n                <\/div>\n            <\/div>\n\t\t\t\t\t\t\t\t\t<div class=\"text-left item bg-img-s\" data-overlay-dark=\"0\" data-background=\"https:\/\/abzali.lv\/wp-content\/uploads\/0X8A0791-scaled.jpg\">\n\t\t\t                <div class=\"v-middle caption\">\n                    <div class=\"container\">\n\t\t\t\t\t\t                        <div class=\"row\">\n                            <div class=\"col-md-12 text-center\">\n                                <div class=\"o-hidden\">\n\t\t\t\t\t\t\t\t                                    \t\t\t\t\t\t\t\t\t\t\t\t\t\t\t\t\t\t\t\t\t\t\t\t\t\t                                <\/div>\n                            <\/div>\n                        <\/div>\n                    <\/div>\n                <\/div>\n            <\/div>\n\t\t\t\t\t\t\t\t\t<div class=\"text-left item bg-img-s\" data-overlay-dark=\"0\" data-background=\"https:\/\/abzali.lv\/wp-content\/uploads\/0X8A0842-1-scaled.jpg\">\n\t\t\t                <div class=\"v-middle caption\">\n                    <div class=\"container\">\n\t\t\t\t\t\t                        <div class=\"row\">\n                            <div class=\"col-md-12 text-center\">\n                                <div class=\"o-hidden\">\n\t\t\t\t\t\t\t\t                                    \t\t\t\t\t\t\t\t\t\t\t\t\t\t\t\t\t\t\t\t\t\t\t\t\t\t                                <\/div>\n                            <\/div>\n                        <\/div>\n                    <\/div>\n                <\/div>\n            <\/div>\n\t\t\t\t\t\t\t\t\t<div class=\"text-left item bg-img-s\" data-overlay-dark=\"0\" data-background=\"https:\/\/abzali.lv\/wp-content\/uploads\/0X8A0716-scaled.jpg\">\n\t\t\t                <div class=\"v-middle caption\">\n                    <div class=\"container\">\n\t\t\t\t\t\t                        <div class=\"row\">\n                            <div class=\"col-md-12 text-center\">\n                                <div class=\"o-hidden\">\n\t\t\t\t\t\t\t\t                                    \t\t\t\t\t\t\t\t\t\t\t\t\t\t\t\t\t\t\t\t\t\t\t\t\t\t                                <\/div>\n                            <\/div>\n                        <\/div>\n                    <\/div>\n                <\/div>\n            <\/div>\n\t\t\t        <\/div>\n\t\t<\/div>\n\t\t\t\n\n        \t\t\t\t<\/div>\n\t\t\t\t<\/div>\n\t\t\t\t<\/div>\n\t\t\t\t\t<\/div>\n\t\t\t\t<\/div>\n\t\t\t\t<\/div>","protected":false},"excerpt":{"rendered":"<p>Izbaudi akt\u012bvu ziemu Ledus trases kamer\u0161\u013c\u016bk\u0161anai 5. sezona Ice Ice Ledus trase ar div\u0101m taisnaj\u0101m tras\u0113m un vir\u0101\u017eu trasi as\u0101ku izj\u016btu cien\u012bt\u0101jiem ir gatava uz\u0146emt lielus un mazus brauc\u0113jus! &#x1f570;&#xfe0f;&#x2744;&#xfe0f;Darba&#8230;<\/p>","protected":false},"author":1,"featured_media":0,"parent":0,"menu_order":0,"comment_status":"closed","ping_status":"closed","template":"","meta":{"_monsterinsights_skip_tracking":false,"_monsterinsights_sitenote_active":false,"_monsterinsights_sitenote_note":"","_monsterinsights_sitenote_category":0,"footnotes":""},"class_list":["post-2787","page","type-page","status-publish","hentry"],"aioseo_notices":[],"jetpack_sharing_enabled":true,"_links":{"self":[{"href":"https:\/\/abzali.lv\/en\/wp-json\/wp\/v2\/pages\/2787","targetHints":{"allow":["GET"]}}],"collection":[{"href":"https:\/\/abzali.lv\/en\/wp-json\/wp\/v2\/pages"}],"about":[{"href":"https:\/\/abzali.lv\/en\/wp-json\/wp\/v2\/types\/page"}],"author":[{"embeddable":true,"href":"https:\/\/abzali.lv\/en\/wp-json\/wp\/v2\/users\/1"}],"replies":[{"embeddable":true,"href":"https:\/\/abzali.lv\/en\/wp-json\/wp\/v2\/comments?post=2787"}],"version-history":[{"count":6,"href":"https:\/\/abzali.lv\/en\/wp-json\/wp\/v2\/pages\/2787\/revisions"}],"predecessor-version":[{"id":2801,"href":"https:\/\/abzali.lv\/en\/wp-json\/wp\/v2\/pages\/2787\/revisions\/2801"}],"wp:attachment":[{"href":"https:\/\/abzali.lv\/en\/wp-json\/wp\/v2\/media?parent=2787"}],"curies":[{"name":"wp","href":"https:\/\/api.w.org\/{rel}","templated":true}]}}