{"id":2830,"date":"2024-09-30T22:44:37","date_gmt":"2024-09-30T20:44:37","guid":{"rendered":"https:\/\/abzali.lv\/?post_type=product&#038;p=2830"},"modified":"2026-05-08T11:54:27","modified_gmt":"2026-05-08T09:54:27","slug":"plucinatas-cukgals-burgers","status":"publish","type":"product","link":"https:\/\/abzali.lv\/en\/product\/plucinatas-cukgals-burgers\/","title":{"rendered":"Plucin\u0101tas c\u016bkga\u013cas burgers"},"content":{"rendered":"<p>brio\u0161a maize, k\u016bpin\u0101ta plucin\u0101ta c\u016bkga\u013ca, lapu sal\u0101ts, marin\u0113ts gur\u0137is, tom\u0101ts, marin\u0113ti halapenjo, grauzd\u0113ti s\u012bpoli, \u010dili majon\u0113ze<\/p>","protected":false},"excerpt":{"rendered":"<p>brio\u0161a maize, k\u016bpin\u0101ta plucin\u0101ta c\u016bkga\u013ca, lapu sal\u0101ts, marin\u0113ts gur\u0137is, tom\u0101ts, marin\u0113ti halapenjo, grauzd\u0113ti s\u012bpoli, \u010dili majon\u0113ze<\/p>","protected":false},"featured_media":0,"template":"","meta":{"_monsterinsights_skip_tracking":false,"_monsterinsights_sitenote_active":false,"_monsterinsights_sitenote_note":"","_monsterinsights_sitenote_category":0},"product_brand":[],"product_cat":[74],"product_tag":[],"class_list":{"0":"post-2830","1":"product","2":"type-product","3":"status-publish","5":"product_cat-burgeri","7":"first","8":"outofstock","9":"shipping-taxable","10":"purchasable","11":"product-type-simple"},"aioseo_notices":[],"jetpack_sharing_enabled":true,"_links":{"self":[{"href":"https:\/\/abzali.lv\/en\/wp-json\/wp\/v2\/product\/2830","targetHints":{"allow":["GET"]}}],"collection":[{"href":"https:\/\/abzali.lv\/en\/wp-json\/wp\/v2\/product"}],"about":[{"href":"https:\/\/abzali.lv\/en\/wp-json\/wp\/v2\/types\/product"}],"wp:attachment":[{"href":"https:\/\/abzali.lv\/en\/wp-json\/wp\/v2\/media?parent=2830"}],"wp:term":[{"taxonomy":"product_brand","embeddable":true,"href":"https:\/\/abzali.lv\/en\/wp-json\/wp\/v2\/product_brand?post=2830"},{"taxonomy":"product_cat","embeddable":true,"href":"https:\/\/abzali.lv\/en\/wp-json\/wp\/v2\/product_cat?post=2830"},{"taxonomy":"product_tag","embeddable":true,"href":"https:\/\/abzali.lv\/en\/wp-json\/wp\/v2\/product_tag?post=2830"}],"curies":[{"name":"wp","href":"https:\/\/api.w.org\/{rel}","templated":true}]}}