{"id":2831,"date":"2024-10-01T00:36:33","date_gmt":"2024-09-30T22:36:33","guid":{"rendered":"https:\/\/abzali.lv\/?post_type=product&#038;p=2831"},"modified":"2026-05-08T12:01:33","modified_gmt":"2026-05-08T10:01:33","slug":"saldejuma-trio","status":"publish","type":"product","link":"https:\/\/abzali.lv\/en\/product\/saldejuma-trio\/","title":{"rendered":"Sald\u0113juma trio"},"content":{"rendered":"<p>(vani\u013cas, \u0161okol\u0101des, zeme\u0146u) ar m\u0113rci (\u0161okol\u0101des, karame\u013cu, me\u017ea ogu vai j\u0101\u0146ogu)<\/p>","protected":false},"excerpt":{"rendered":"<p>(vani\u013cas, \u0161okol\u0101des, zeme\u0146u) ar m\u0113rci (\u0161okol\u0101des, karame\u013cu, me\u017ea ogu vai j\u0101\u0146ogu)<\/p>","protected":false},"featured_media":0,"template":"","meta":{"_monsterinsights_skip_tracking":false,"_monsterinsights_sitenote_active":false,"_monsterinsights_sitenote_note":"","_monsterinsights_sitenote_category":0},"product_brand":[],"product_cat":[75],"product_tag":[],"class_list":{"0":"post-2831","1":"product","2":"type-product","3":"status-publish","5":"product_cat-deserti","7":"first","8":"outofstock","9":"shipping-taxable","10":"purchasable","11":"product-type-simple"},"aioseo_notices":[],"jetpack_sharing_enabled":true,"_links":{"self":[{"href":"https:\/\/abzali.lv\/en\/wp-json\/wp\/v2\/product\/2831","targetHints":{"allow":["GET"]}}],"collection":[{"href":"https:\/\/abzali.lv\/en\/wp-json\/wp\/v2\/product"}],"about":[{"href":"https:\/\/abzali.lv\/en\/wp-json\/wp\/v2\/types\/product"}],"wp:attachment":[{"href":"https:\/\/abzali.lv\/en\/wp-json\/wp\/v2\/media?parent=2831"}],"wp:term":[{"taxonomy":"product_brand","embeddable":true,"href":"https:\/\/abzali.lv\/en\/wp-json\/wp\/v2\/product_brand?post=2831"},{"taxonomy":"product_cat","embeddable":true,"href":"https:\/\/abzali.lv\/en\/wp-json\/wp\/v2\/product_cat?post=2831"},{"taxonomy":"product_tag","embeddable":true,"href":"https:\/\/abzali.lv\/en\/wp-json\/wp\/v2\/product_tag?post=2831"}],"curies":[{"name":"wp","href":"https:\/\/api.w.org\/{rel}","templated":true}]}}